{"id":2620,"date":"2020-04-08T10:14:05","date_gmt":"2020-04-08T08:14:05","guid":{"rendered":"https:\/\/nova.depoles.com\/trgovina\/brusni-disk-o126xk100-st126k100\/"},"modified":"2025-12-17T23:28:39","modified_gmt":"2025-12-17T22:28:39","slug":"brusni-disk-o126xk100-st126k100","status":"publish","type":"product","link":"https:\/\/www.depoles.com\/hr\/trgovina\/brusni-disk-o126xk100-st126k100\/","title":{"rendered":"Brusni disk \u00d8126xK100 ST126K100"},"content":{"rendered":"<p><strong>Specifikacija izdelka<\/strong><\/p>\n<ul>\n<li><strong>Te\u017ea<\/strong>\n<ul>\n<li>Bruto te\u017ea: 0,20 kg<\/li>\n<li>Netto te\u017ea: 0,10 kg<\/li>\n<\/ul>\n<\/li>\n<li><strong>Embala\u017ea<\/strong>\n<ul>\n<li>\u0160irina embala\u017ee: 300 mm<\/li>\n<li>Vi\u0161ina embala\u017ee: 200 mm<\/li>\n<li>Dol\u017eina embala\u017ee: 400 mm<\/li>\n<\/ul>\n<\/li>\n<li><strong>Splo\u0161ni podatki<\/strong>\n<ul>\n<li>EAN koda: 9120058374159<\/li>\n<\/ul>\n<\/li>\n<\/ul>\n","protected":false},"excerpt":{"rendered":"<p>Specifikacija izdelka Te\u017ea Bruto te\u017ea: 0,20 kg Netto te\u017ea: 0,10 kg Embala\u017ea \u0160irina embala\u017ee: 300 mm Vi\u0161ina embala\u017ee: 200 mm Dol\u017eina embala\u017ee: 400 mm Splo\u0161ni podatki EAN koda: 9120058374159<\/p>\n","protected":false},"featured_media":2621,"template":"","meta":[],"product_brand":[],"product_cat":[1020,1012],"product_tag":[],"class_list":{"0":"post-2620","1":"product","2":"type-product","3":"status-publish","4":"has-post-thumbnail","6":"product_cat-orodja-oprema","7":"product_cat-stroji-za-les","9":"first","10":"instock","11":"shipping-taxable","12":"purchasable","13":"product-type-simple"},"_links":{"self":[{"href":"https:\/\/www.depoles.com\/hr\/wp-json\/wp\/v2\/product\/2620","targetHints":{"allow":["GET"]}}],"collection":[{"href":"https:\/\/www.depoles.com\/hr\/wp-json\/wp\/v2\/product"}],"about":[{"href":"https:\/\/www.depoles.com\/hr\/wp-json\/wp\/v2\/types\/product"}],"wp:featuredmedia":[{"embeddable":true,"href":"https:\/\/www.depoles.com\/hr\/wp-json\/wp\/v2\/media\/2621"}],"wp:attachment":[{"href":"https:\/\/www.depoles.com\/hr\/wp-json\/wp\/v2\/media?parent=2620"}],"wp:term":[{"taxonomy":"product_brand","embeddable":true,"href":"https:\/\/www.depoles.com\/hr\/wp-json\/wp\/v2\/product_brand?post=2620"},{"taxonomy":"product_cat","embeddable":true,"href":"https:\/\/www.depoles.com\/hr\/wp-json\/wp\/v2\/product_cat?post=2620"},{"taxonomy":"product_tag","embeddable":true,"href":"https:\/\/www.depoles.com\/hr\/wp-json\/wp\/v2\/product_tag?post=2620"}],"curies":[{"name":"wp","href":"https:\/\/api.w.org\/{rel}","templated":true}]}}