{"id":2713,"date":"2020-04-08T10:12:39","date_gmt":"2020-04-08T08:12:39","guid":{"rendered":"https:\/\/nova.depoles.com\/trgovina\/dleta-vrhunska-6-kosov-ses6tlg\/"},"modified":"2026-03-06T14:00:56","modified_gmt":"2026-03-06T13:00:56","slug":"dleta-vrhunska-6-kosov-ses6tlg","status":"publish","type":"product","link":"https:\/\/www.depoles.com\/hr\/trgovina\/dleta-vrhunska-6-kosov-ses6tlg\/","title":{"rendered":"Vrhunski set burgija 6 komada SES6TLG"},"content":{"rendered":"<p><strong>Specifikacije izdelka<\/strong><\/p>\n<ul>\n<li><strong>Te\u017ea<\/strong>\n<ul>\n<li>Bruto te\u017ea: 1,60 kg<\/li>\n<li>Netto te\u017ea: 1,10 kg<\/li>\n<\/ul>\n<\/li>\n<li><strong>Pakiranje<\/strong>\n<ul>\n<li>Dol\u017eina pakiranja: 320 mm<\/li>\n<li>\u0160irina pakiranja: 250 mm<\/li>\n<li>Vi\u0161ina pakiranja: 40 mm<\/li>\n<\/ul>\n<\/li>\n<li><strong>Splo\u0161ni podatki<\/strong>\n<ul>\n<li>EAN koda: 9120039900650<\/li>\n<\/ul>\n<\/li>\n<\/ul>\n","protected":false},"excerpt":{"rendered":"<p>Specifikacije izdelka Te\u017ea Bruto te\u017ea: 1,60 kg Netto te\u017ea: 1,10 kg Pakiranje Dol\u017eina pakiranja: 320 mm \u0160irina pakiranja: 250 mm Vi\u0161ina pakiranja: 40 mm Splo\u0161ni podatki EAN koda: 9120039900650<\/p>\n","protected":false},"featured_media":2714,"template":"","meta":[],"product_brand":[],"product_cat":[1020,1012],"product_tag":[],"class_list":{"0":"post-2713","1":"product","2":"type-product","3":"status-publish","4":"has-post-thumbnail","6":"product_cat-orodja-oprema","7":"product_cat-stroji-za-les","9":"first","10":"instock","11":"shipping-taxable","12":"purchasable","13":"product-type-simple"},"_links":{"self":[{"href":"https:\/\/www.depoles.com\/hr\/wp-json\/wp\/v2\/product\/2713","targetHints":{"allow":["GET"]}}],"collection":[{"href":"https:\/\/www.depoles.com\/hr\/wp-json\/wp\/v2\/product"}],"about":[{"href":"https:\/\/www.depoles.com\/hr\/wp-json\/wp\/v2\/types\/product"}],"wp:featuredmedia":[{"embeddable":true,"href":"https:\/\/www.depoles.com\/hr\/wp-json\/wp\/v2\/media\/2714"}],"wp:attachment":[{"href":"https:\/\/www.depoles.com\/hr\/wp-json\/wp\/v2\/media?parent=2713"}],"wp:term":[{"taxonomy":"product_brand","embeddable":true,"href":"https:\/\/www.depoles.com\/hr\/wp-json\/wp\/v2\/product_brand?post=2713"},{"taxonomy":"product_cat","embeddable":true,"href":"https:\/\/www.depoles.com\/hr\/wp-json\/wp\/v2\/product_cat?post=2713"},{"taxonomy":"product_tag","embeddable":true,"href":"https:\/\/www.depoles.com\/hr\/wp-json\/wp\/v2\/product_tag?post=2713"}],"curies":[{"name":"wp","href":"https:\/\/api.w.org\/{rel}","templated":true}]}}