{"id":2716,"date":"2020-04-08T10:12:36","date_gmt":"2020-04-08T08:12:36","guid":{"rendered":"https:\/\/nova.depoles.com\/trgovina\/schnitzwerkzeug-12tlg-sch12tlg\/"},"modified":"2026-02-12T13:48:15","modified_gmt":"2026-02-12T12:48:15","slug":"schnitzwerkzeug-12tlg-sch12tlg","status":"publish","type":"product","link":"https:\/\/www.depoles.com\/hr\/trgovina\/schnitzwerkzeug-12tlg-sch12tlg\/","title":{"rendered":"Set svrdla 12 kom SCH12TLG"},"content":{"rendered":"<p><strong>Tehni\u010dni podatki<\/strong><\/p>\n<ul>\n<li><strong>Te\u017ea<\/strong>\n<ul>\n<li>Bruto te\u017ea: 1,60 kg<\/li>\n<li>Netto te\u017ea: 1 kg<\/li>\n<\/ul>\n<\/li>\n<li><strong>Embala\u017ea<\/strong>\n<ul>\n<li>Dol\u017eina embala\u017ee: 400 mm<\/li>\n<li>\u0160irina embala\u017ee: 240 mm<\/li>\n<li>Vi\u0161ina embala\u017ee: 40 mm<\/li>\n<\/ul>\n<\/li>\n<li><strong>Splo\u0161ni podatki<\/strong>\n<ul>\n<li>EAN koda: 9120039903156<\/li>\n<\/ul>\n<\/li>\n<\/ul>\n","protected":false},"excerpt":{"rendered":"<h3>12-delni komplet rezbarskih no\u017eev<\/h3>\n<p>Komplet vsebuje no\u017ee z dolgim ozkim lesenim ro\u010dajem, ki zagotavlja udobno rokovanje. Skupna dol\u017eina no\u017eev je 210 mm, dol\u017eina rezila pa pribli\u017eno 100 mm. Razli\u010dne geometrije rezanja omogo\u010dajo uporabo za \u0161tevilne namene.<\/p>\n<ul>\n<li>Ploski no\u017ei s \u0161irino 12 in 6 mm<\/li>\n<li>Votla rezila s \u0161irino 16, 12 in 10 mm<\/li>\n<li>No\u017e z V-zarezo \u0161irine 14 mm<\/li>\n<li>Ostali no\u017ei s \u0161irino pribli\u017eno 6 mm<\/li>\n<\/ul>\n<p>Set je dostavljen po naro\u010dilu v leseni \u0161katli, posamezni no\u017ei pa so dodatno pakirani v PVC vre\u010dke.<\/p>\n","protected":false},"featured_media":2717,"template":"","meta":[],"product_brand":[],"product_cat":[1020,1012],"product_tag":[],"class_list":{"0":"post-2716","1":"product","2":"type-product","3":"status-publish","4":"has-post-thumbnail","6":"product_cat-orodja-oprema","7":"product_cat-stroji-za-les","9":"first","10":"instock","11":"shipping-taxable","12":"purchasable","13":"product-type-simple"},"_links":{"self":[{"href":"https:\/\/www.depoles.com\/hr\/wp-json\/wp\/v2\/product\/2716","targetHints":{"allow":["GET"]}}],"collection":[{"href":"https:\/\/www.depoles.com\/hr\/wp-json\/wp\/v2\/product"}],"about":[{"href":"https:\/\/www.depoles.com\/hr\/wp-json\/wp\/v2\/types\/product"}],"wp:featuredmedia":[{"embeddable":true,"href":"https:\/\/www.depoles.com\/hr\/wp-json\/wp\/v2\/media\/2717"}],"wp:attachment":[{"href":"https:\/\/www.depoles.com\/hr\/wp-json\/wp\/v2\/media?parent=2716"}],"wp:term":[{"taxonomy":"product_brand","embeddable":true,"href":"https:\/\/www.depoles.com\/hr\/wp-json\/wp\/v2\/product_brand?post=2716"},{"taxonomy":"product_cat","embeddable":true,"href":"https:\/\/www.depoles.com\/hr\/wp-json\/wp\/v2\/product_cat?post=2716"},{"taxonomy":"product_tag","embeddable":true,"href":"https:\/\/www.depoles.com\/hr\/wp-json\/wp\/v2\/product_tag?post=2716"}],"curies":[{"name":"wp","href":"https:\/\/api.w.org\/{rel}","templated":true}]}}