{"id":2726,"date":"2020-04-08T10:12:27","date_gmt":"2020-04-08T08:12:27","guid":{"rendered":"https:\/\/nova.depoles.com\/trgovina\/tct-krozna-zaga-za-rezanje-alu-ksba25030z100\/"},"modified":"2026-02-12T13:51:07","modified_gmt":"2026-02-12T12:51:07","slug":"tct-krozna-zaga-za-rezanje-alu-ksba25030z100","status":"publish","type":"product","link":"https:\/\/www.depoles.com\/hr\/trgovina\/tct-krozna-zaga-za-rezanje-alu-ksba25030z100\/","title":{"rendered":"TCT kru\u017ena pila za rezanje Alu KSBA25030Z100"},"content":{"rendered":"<p><strong>Tehni\u010dna specifikacija<\/strong><\/p>\n<ul>\n<li><strong>Kro\u017ene \u017eage<\/strong>\n<ul>\n<li>Premer odprtine (bore): 30 \/ 25,4 mm<\/li>\n<\/ul>\n<\/li>\n<li><strong>Razli\u010dni stroji<\/strong>\n<ul>\n<li>\u0160tevilo zob: 100<\/li>\n<li>Debelina zoba: 3 mm<\/li>\n<li>Debelina rezila: 2,2 mm<\/li>\n<li>Premer rezila: 250 mm<\/li>\n<\/ul>\n<\/li>\n<li><strong>Te\u017ea<\/strong>\n<ul>\n<li>Bruto te\u017ea: 0,40 kg<\/li>\n<li>Netto te\u017ea: 0,35 kg<\/li>\n<\/ul>\n<\/li>\n<li><strong>Pakiranje<\/strong>\n<ul>\n<li>\u0160irina pakiranja: 0,365 mm<\/li>\n<li>Vi\u0161ina pakiranja: 0,013 mm<\/li>\n<li>Dol\u017eina pakiranja: 0,305 mm<\/li>\n<\/ul>\n<\/li>\n<li><strong>Splo\u0161ni podatki<\/strong>\n<ul>\n<li>EAN koda: 9120058373473<\/li>\n<\/ul>\n<\/li>\n<\/ul>\n","protected":false},"excerpt":{"rendered":"<p>Tehni\u010dna specifikacija Kro\u017ene \u017eage Premer odprtine (bore): 30 \/ 25,4 mm Razli\u010dni stroji \u0160tevilo zob: 100 Debelina zoba: 3 mm Debelina rezila: 2,2 mm Premer rezila: 250 mm Te\u017ea Bruto te\u017ea: 0,40 kg Netto te\u017ea: 0,35 kg Pakiranje \u0160irina pakiranja: 0,365 mm Vi\u0161ina pakiranja: 0,013 mm Dol\u017eina pakiranja: 0,305 mm Splo\u0161ni podatki EAN koda: 9120058373473<\/p>\n","protected":false},"featured_media":2727,"template":"","meta":[],"product_brand":[],"product_cat":[1020,1012],"product_tag":[],"class_list":{"0":"post-2726","1":"product","2":"type-product","3":"status-publish","4":"has-post-thumbnail","6":"product_cat-orodja-oprema","7":"product_cat-stroji-za-les","9":"first","10":"instock","11":"shipping-taxable","12":"purchasable","13":"product-type-simple"},"_links":{"self":[{"href":"https:\/\/www.depoles.com\/hr\/wp-json\/wp\/v2\/product\/2726","targetHints":{"allow":["GET"]}}],"collection":[{"href":"https:\/\/www.depoles.com\/hr\/wp-json\/wp\/v2\/product"}],"about":[{"href":"https:\/\/www.depoles.com\/hr\/wp-json\/wp\/v2\/types\/product"}],"wp:featuredmedia":[{"embeddable":true,"href":"https:\/\/www.depoles.com\/hr\/wp-json\/wp\/v2\/media\/2727"}],"wp:attachment":[{"href":"https:\/\/www.depoles.com\/hr\/wp-json\/wp\/v2\/media?parent=2726"}],"wp:term":[{"taxonomy":"product_brand","embeddable":true,"href":"https:\/\/www.depoles.com\/hr\/wp-json\/wp\/v2\/product_brand?post=2726"},{"taxonomy":"product_cat","embeddable":true,"href":"https:\/\/www.depoles.com\/hr\/wp-json\/wp\/v2\/product_cat?post=2726"},{"taxonomy":"product_tag","embeddable":true,"href":"https:\/\/www.depoles.com\/hr\/wp-json\/wp\/v2\/product_tag?post=2726"}],"curies":[{"name":"wp","href":"https:\/\/api.w.org\/{rel}","templated":true}]}}