{"id":2728,"date":"2020-04-08T10:12:25","date_gmt":"2020-04-08T08:12:25","guid":{"rendered":"https:\/\/nova.depoles.com\/trgovina\/tct-krozna-zaga-ksb40034z108\/"},"modified":"2025-12-17T23:31:03","modified_gmt":"2025-12-17T22:31:03","slug":"tct-krozna-zaga-ksb40034z108","status":"publish","type":"product","link":"https:\/\/www.depoles.com\/hr\/trgovina\/tct-krozna-zaga-ksb40034z108\/","title":{"rendered":"TCT kru\u017ena pila KSB40034Z108"},"content":{"rendered":"<p><strong>Specifikacija izdelka<\/strong><\/p>\n<ul>\n<li><strong>Kro\u017ene \u017eage<\/strong>\n<ul>\n<li>Premer v mm: 400<\/li>\n<li>Premer sredi\u0161\u010da (bore) v mm: 30<\/li>\n<\/ul>\n<\/li>\n<li><strong>Razli\u010dni stroji<\/strong>\n<ul>\n<li>\u0160tevilo zob: 108<\/li>\n<li>Debelina zoba v mm: 3,4<\/li>\n<li>Debelina rezila v mm: 2,4<\/li>\n<\/ul>\n<\/li>\n<li><strong>Te\u017ea<\/strong>\n<ul>\n<li>Bruto te\u017ea v kg: 0,40<\/li>\n<li>Netto te\u017ea v kg: 0,35<\/li>\n<\/ul>\n<\/li>\n<li><strong>Pakiranje<\/strong>\n<ul>\n<li>\u0160irina pakiranja v mm: 0,510<\/li>\n<li>Vi\u0161ina pakiranja v mm: 0,015<\/li>\n<li>Dol\u017eina pakiranja v mm: 0,455<\/li>\n<\/ul>\n<\/li>\n<li><strong>Splo\u0161ni podatki<\/strong>\n<ul>\n<li>EAN koda: 9120058373442<\/li>\n<\/ul>\n<\/li>\n<\/ul>\n","protected":false},"excerpt":{"rendered":"<p>Specifikacija izdelka Kro\u017ene \u017eage Premer v mm: 400 Premer sredi\u0161\u010da (bore) v mm: 30 Razli\u010dni stroji \u0160tevilo zob: 108 Debelina zoba v mm: 3,4 Debelina rezila v mm: 2,4 Te\u017ea Bruto te\u017ea v kg: 0,40 Netto te\u017ea v kg: 0,35 Pakiranje \u0160irina pakiranja v mm: 0,510 Vi\u0161ina pakiranja v mm: 0,015 Dol\u017eina pakiranja v mm: [&hellip;]<\/p>\n","protected":false},"featured_media":2729,"template":"","meta":[],"product_brand":[],"product_cat":[1020,1012],"product_tag":[],"class_list":{"0":"post-2728","1":"product","2":"type-product","3":"status-publish","4":"has-post-thumbnail","6":"product_cat-orodja-oprema","7":"product_cat-stroji-za-les","9":"first","10":"instock","11":"shipping-taxable","12":"purchasable","13":"product-type-simple"},"_links":{"self":[{"href":"https:\/\/www.depoles.com\/hr\/wp-json\/wp\/v2\/product\/2728","targetHints":{"allow":["GET"]}}],"collection":[{"href":"https:\/\/www.depoles.com\/hr\/wp-json\/wp\/v2\/product"}],"about":[{"href":"https:\/\/www.depoles.com\/hr\/wp-json\/wp\/v2\/types\/product"}],"wp:featuredmedia":[{"embeddable":true,"href":"https:\/\/www.depoles.com\/hr\/wp-json\/wp\/v2\/media\/2729"}],"wp:attachment":[{"href":"https:\/\/www.depoles.com\/hr\/wp-json\/wp\/v2\/media?parent=2728"}],"wp:term":[{"taxonomy":"product_brand","embeddable":true,"href":"https:\/\/www.depoles.com\/hr\/wp-json\/wp\/v2\/product_brand?post=2728"},{"taxonomy":"product_cat","embeddable":true,"href":"https:\/\/www.depoles.com\/hr\/wp-json\/wp\/v2\/product_cat?post=2728"},{"taxonomy":"product_tag","embeddable":true,"href":"https:\/\/www.depoles.com\/hr\/wp-json\/wp\/v2\/product_tag?post=2728"}],"curies":[{"name":"wp","href":"https:\/\/api.w.org\/{rel}","templated":true}]}}