{"id":2738,"date":"2020-04-08T10:12:17","date_gmt":"2020-04-08T08:12:17","guid":{"rendered":"https:\/\/nova.depoles.com\/trgovina\/tct-krozna-zaga-ksb31532z28\/"},"modified":"2026-02-12T13:40:24","modified_gmt":"2026-02-12T12:40:24","slug":"tct-krozna-zaga-ksb31532z28","status":"publish","type":"product","link":"https:\/\/www.depoles.com\/hr\/trgovina\/tct-krozna-zaga-ksb31532z28\/","title":{"rendered":"TCT kru\u017ena pila KSB31532Z28"},"content":{"rendered":"<p><strong>Tehni\u010dni podatki<\/strong><\/p>\n<ul>\n<li><strong>Okrogla \u017eaga<\/strong>\n<ul>\n<li>Premer sredi\u0161\u010da (bore) v mm: 30 \/ 25,4<\/li>\n<\/ul>\n<\/li>\n<li><strong>Razli\u010dni stroji<\/strong>\n<ul>\n<li>\u0160tevilo zob: 28<\/li>\n<li>Debelina zoba v mm: 3,2<\/li>\n<li>Debelina rezila v mm: 2,2<\/li>\n<li>Premer v mm: 315<\/li>\n<\/ul>\n<\/li>\n<li><strong>Te\u017ea<\/strong>\n<ul>\n<li>Bruto te\u017ea v kg: 0,40<\/li>\n<li>Netto te\u017ea v kg: 0,35<\/li>\n<\/ul>\n<\/li>\n<li><strong>Embala\u017ea<\/strong>\n<ul>\n<li>\u0160irina embala\u017ee v mm: 0,465<\/li>\n<li>Vi\u0161ina embala\u017ee v mm: 0,013<\/li>\n<li>Dol\u017eina embala\u017ee v mm: 0,405<\/li>\n<\/ul>\n<\/li>\n<li><strong>Splo\u0161ni podatki<\/strong>\n<ul>\n<li>EAN koda: 9120058373398<\/li>\n<\/ul>\n<\/li>\n<\/ul>\n","protected":false},"excerpt":{"rendered":"<p>Tehni\u010dni podatki Okrogla \u017eaga Premer sredi\u0161\u010da (bore) v mm: 30 \/ 25,4 Razli\u010dni stroji \u0160tevilo zob: 28 Debelina zoba v mm: 3,2 Debelina rezila v mm: 2,2 Premer v mm: 315 Te\u017ea Bruto te\u017ea v kg: 0,40 Netto te\u017ea v kg: 0,35 Embala\u017ea \u0160irina embala\u017ee v mm: 0,465 Vi\u0161ina embala\u017ee v mm: 0,013 Dol\u017eina embala\u017ee [&hellip;]<\/p>\n","protected":false},"featured_media":2739,"template":"","meta":[],"product_brand":[],"product_cat":[1020,1012],"product_tag":[],"class_list":{"0":"post-2738","1":"product","2":"type-product","3":"status-publish","4":"has-post-thumbnail","6":"product_cat-orodja-oprema","7":"product_cat-stroji-za-les","9":"first","10":"instock","11":"shipping-taxable","12":"purchasable","13":"product-type-simple"},"_links":{"self":[{"href":"https:\/\/www.depoles.com\/hr\/wp-json\/wp\/v2\/product\/2738","targetHints":{"allow":["GET"]}}],"collection":[{"href":"https:\/\/www.depoles.com\/hr\/wp-json\/wp\/v2\/product"}],"about":[{"href":"https:\/\/www.depoles.com\/hr\/wp-json\/wp\/v2\/types\/product"}],"wp:featuredmedia":[{"embeddable":true,"href":"https:\/\/www.depoles.com\/hr\/wp-json\/wp\/v2\/media\/2739"}],"wp:attachment":[{"href":"https:\/\/www.depoles.com\/hr\/wp-json\/wp\/v2\/media?parent=2738"}],"wp:term":[{"taxonomy":"product_brand","embeddable":true,"href":"https:\/\/www.depoles.com\/hr\/wp-json\/wp\/v2\/product_brand?post=2738"},{"taxonomy":"product_cat","embeddable":true,"href":"https:\/\/www.depoles.com\/hr\/wp-json\/wp\/v2\/product_cat?post=2738"},{"taxonomy":"product_tag","embeddable":true,"href":"https:\/\/www.depoles.com\/hr\/wp-json\/wp\/v2\/product_tag?post=2738"}],"curies":[{"name":"wp","href":"https:\/\/api.w.org\/{rel}","templated":true}]}}