{"id":2742,"date":"2020-04-08T10:12:13","date_gmt":"2020-04-08T08:12:13","guid":{"rendered":"https:\/\/nova.depoles.com\/trgovina\/tct-krozna-zaga-ksb30032z48\/"},"modified":"2025-12-17T23:31:22","modified_gmt":"2025-12-17T22:31:22","slug":"tct-krozna-zaga-ksb30032z48","status":"publish","type":"product","link":"https:\/\/www.depoles.com\/hr\/trgovina\/tct-krozna-zaga-ksb30032z48\/","title":{"rendered":"TCT kru\u017ena pila KSB30032Z48"},"content":{"rendered":"<p><strong>Tehni\u010dne specifikacije<\/strong><\/p>\n<ul>\n<li><strong>Okrogla \u017eaga<\/strong>\n<ul>\n<li>Premer sredi\u0161\u010da (bore): 30 \/ 25,4 mm<\/li>\n<\/ul>\n<\/li>\n<li><strong>Razli\u010dne stroje<\/strong>\n<ul>\n<li>\u0160tevilo zob: 48<\/li>\n<li>Debelina zoba: 3,2 mm<\/li>\n<li>Debelina rezila: 2,2 mm<\/li>\n<li>Premer: 300 mm<\/li>\n<\/ul>\n<\/li>\n<li><strong>Te\u017ea<\/strong>\n<ul>\n<li>Bruto te\u017ea: 0,40 kg<\/li>\n<li>Neto te\u017ea: 0,35 kg<\/li>\n<\/ul>\n<\/li>\n<li><strong>Embala\u017ea<\/strong>\n<ul>\n<li>\u0160irina embala\u017ee: 0,424 mm<\/li>\n<li>Vi\u0161ina embala\u017ee: 0,013 mm<\/li>\n<li>Dol\u017eina embala\u017ee: 0,362 mm<\/li>\n<\/ul>\n<\/li>\n<li><strong>Splo\u0161ni podatki<\/strong>\n<ul>\n<li>EAN koda: 9120058373374<\/li>\n<\/ul>\n<\/li>\n<\/ul>\n","protected":false},"excerpt":{"rendered":"<p>Tehni\u010dne specifikacije Okrogla \u017eaga Premer sredi\u0161\u010da (bore): 30 \/ 25,4 mm Razli\u010dne stroje \u0160tevilo zob: 48 Debelina zoba: 3,2 mm Debelina rezila: 2,2 mm Premer: 300 mm Te\u017ea Bruto te\u017ea: 0,40 kg Neto te\u017ea: 0,35 kg Embala\u017ea \u0160irina embala\u017ee: 0,424 mm Vi\u0161ina embala\u017ee: 0,013 mm Dol\u017eina embala\u017ee: 0,362 mm Splo\u0161ni podatki EAN koda: 9120058373374<\/p>\n","protected":false},"featured_media":2743,"template":"","meta":[],"product_brand":[],"product_cat":[1020,1012],"product_tag":[],"class_list":{"0":"post-2742","1":"product","2":"type-product","3":"status-publish","4":"has-post-thumbnail","6":"product_cat-orodja-oprema","7":"product_cat-stroji-za-les","9":"first","10":"instock","11":"shipping-taxable","12":"purchasable","13":"product-type-simple"},"_links":{"self":[{"href":"https:\/\/www.depoles.com\/hr\/wp-json\/wp\/v2\/product\/2742","targetHints":{"allow":["GET"]}}],"collection":[{"href":"https:\/\/www.depoles.com\/hr\/wp-json\/wp\/v2\/product"}],"about":[{"href":"https:\/\/www.depoles.com\/hr\/wp-json\/wp\/v2\/types\/product"}],"wp:featuredmedia":[{"embeddable":true,"href":"https:\/\/www.depoles.com\/hr\/wp-json\/wp\/v2\/media\/2743"}],"wp:attachment":[{"href":"https:\/\/www.depoles.com\/hr\/wp-json\/wp\/v2\/media?parent=2742"}],"wp:term":[{"taxonomy":"product_brand","embeddable":true,"href":"https:\/\/www.depoles.com\/hr\/wp-json\/wp\/v2\/product_brand?post=2742"},{"taxonomy":"product_cat","embeddable":true,"href":"https:\/\/www.depoles.com\/hr\/wp-json\/wp\/v2\/product_cat?post=2742"},{"taxonomy":"product_tag","embeddable":true,"href":"https:\/\/www.depoles.com\/hr\/wp-json\/wp\/v2\/product_tag?post=2742"}],"curies":[{"name":"wp","href":"https:\/\/api.w.org\/{rel}","templated":true}]}}