{"id":2746,"date":"2020-04-08T10:12:10","date_gmt":"2020-04-08T08:12:10","guid":{"rendered":"https:\/\/nova.depoles.com\/trgovina\/rezalna-zaga-tct-ksb25030z60\/"},"modified":"2026-02-12T13:42:58","modified_gmt":"2026-02-12T12:42:58","slug":"rezalna-zaga-tct-ksb25030z60","status":"publish","type":"product","link":"https:\/\/www.depoles.com\/hr\/trgovina\/rezalna-zaga-tct-ksb25030z60\/","title":{"rendered":"Rezna pila TCT KSB25030Z60"},"content":{"rendered":"<p><strong>Specifikacija izdelka<\/strong><\/p>\n<ul>\n<li><strong>Kro\u017ene \u017eage<\/strong>\n<ul>\n<li>Premer sredi\u0161\u010da (bore): 30 \/ 25,4 mm<\/li>\n<\/ul>\n<\/li>\n<li><strong>Razli\u010dni stroji<\/strong>\n<ul>\n<li>\u0160tevilo zob: 60<\/li>\n<li>Debelina zoba: 3 mm<\/li>\n<li>Debelina rezila: 2 mm<\/li>\n<li>Premer rezila: 250 mm<\/li>\n<\/ul>\n<\/li>\n<li><strong>Te\u017ea<\/strong>\n<ul>\n<li>Bruto te\u017ea: 0,40 kg<\/li>\n<li>Netto te\u017ea: 0,35 kg<\/li>\n<\/ul>\n<\/li>\n<li><strong>Embala\u017ea<\/strong>\n<ul>\n<li>\u0160irina embala\u017ee: 0,365 mm<\/li>\n<li>Vi\u0161ina embala\u017ee: 0,013 mm<\/li>\n<li>Dol\u017eina embala\u017ee: 0,305 mm<\/li>\n<\/ul>\n<\/li>\n<li><strong>Splo\u0161ni podatki<\/strong>\n<ul>\n<li>EAN koda: 9120058373350<\/li>\n<\/ul>\n<\/li>\n<\/ul>\n","protected":false},"excerpt":{"rendered":"<p>Specifikacija izdelka Kro\u017ene \u017eage Premer sredi\u0161\u010da (bore): 30 \/ 25,4 mm Razli\u010dni stroji \u0160tevilo zob: 60 Debelina zoba: 3 mm Debelina rezila: 2 mm Premer rezila: 250 mm Te\u017ea Bruto te\u017ea: 0,40 kg Netto te\u017ea: 0,35 kg Embala\u017ea \u0160irina embala\u017ee: 0,365 mm Vi\u0161ina embala\u017ee: 0,013 mm Dol\u017eina embala\u017ee: 0,305 mm Splo\u0161ni podatki EAN koda: 9120058373350<\/p>\n","protected":false},"featured_media":2747,"template":"","meta":[],"product_brand":[],"product_cat":[1020,1012],"product_tag":[],"class_list":{"0":"post-2746","1":"product","2":"type-product","3":"status-publish","4":"has-post-thumbnail","6":"product_cat-orodja-oprema","7":"product_cat-stroji-za-les","9":"first","10":"instock","11":"shipping-taxable","12":"purchasable","13":"product-type-simple"},"_links":{"self":[{"href":"https:\/\/www.depoles.com\/hr\/wp-json\/wp\/v2\/product\/2746","targetHints":{"allow":["GET"]}}],"collection":[{"href":"https:\/\/www.depoles.com\/hr\/wp-json\/wp\/v2\/product"}],"about":[{"href":"https:\/\/www.depoles.com\/hr\/wp-json\/wp\/v2\/types\/product"}],"wp:featuredmedia":[{"embeddable":true,"href":"https:\/\/www.depoles.com\/hr\/wp-json\/wp\/v2\/media\/2747"}],"wp:attachment":[{"href":"https:\/\/www.depoles.com\/hr\/wp-json\/wp\/v2\/media?parent=2746"}],"wp:term":[{"taxonomy":"product_brand","embeddable":true,"href":"https:\/\/www.depoles.com\/hr\/wp-json\/wp\/v2\/product_brand?post=2746"},{"taxonomy":"product_cat","embeddable":true,"href":"https:\/\/www.depoles.com\/hr\/wp-json\/wp\/v2\/product_cat?post=2746"},{"taxonomy":"product_tag","embeddable":true,"href":"https:\/\/www.depoles.com\/hr\/wp-json\/wp\/v2\/product_tag?post=2746"}],"curies":[{"name":"wp","href":"https:\/\/api.w.org\/{rel}","templated":true}]}}