{"id":2750,"date":"2020-04-08T10:12:06","date_gmt":"2020-04-08T08:12:06","guid":{"rendered":"https:\/\/nova.depoles.com\/trgovina\/rezalna-zaga-tct-ksb25030z24\/"},"modified":"2026-02-12T13:56:04","modified_gmt":"2026-02-12T12:56:04","slug":"rezalna-zaga-tct-ksb25030z24","status":"publish","type":"product","link":"https:\/\/www.depoles.com\/hr\/trgovina\/rezalna-zaga-tct-ksb25030z24\/","title":{"rendered":"Pila za rezanje TCT KSB25030Z24"},"content":{"rendered":"<p><strong>Tehni\u010dni podatki<\/strong><\/p>\n<ul>\n<li><strong>Okrogla rezila<\/strong>\n<ul>\n<li>Premer v mm: 250<\/li>\n<li>Premer luknje v mm: 30 \/ 25,4<\/li>\n<\/ul>\n<\/li>\n<li><strong>Razli\u010dne stroje<\/strong>\n<ul>\n<li>\u0160tevilo zob: 24<\/li>\n<li>Debelina zoba v mm: 3<\/li>\n<li>Debelina rezila v mm: 2<\/li>\n<\/ul>\n<\/li>\n<li><strong>Te\u017ea<\/strong>\n<ul>\n<li>Bruto te\u017ea v kg: 0,40<\/li>\n<li>Netto te\u017ea v kg: 0,35<\/li>\n<\/ul>\n<\/li>\n<li><strong>Embala\u017ea<\/strong>\n<ul>\n<li>\u0160irina embala\u017ee v mm: 0,365<\/li>\n<li>Vi\u0161ina embala\u017ee v mm: 0,013<\/li>\n<li>Dol\u017eina embala\u017ee v mm: 0,305<\/li>\n<\/ul>\n<\/li>\n<li><strong>Splo\u0161ni podatki<\/strong>\n<ul>\n<li>EAN koda: 9120058373336<\/li>\n<\/ul>\n<\/li>\n<\/ul>\n","protected":false},"excerpt":{"rendered":"<p>Tehni\u010dni podatki Okrogla rezila Premer v mm: 250 Premer luknje v mm: 30 \/ 25,4 Razli\u010dne stroje \u0160tevilo zob: 24 Debelina zoba v mm: 3 Debelina rezila v mm: 2 Te\u017ea Bruto te\u017ea v kg: 0,40 Netto te\u017ea v kg: 0,35 Embala\u017ea \u0160irina embala\u017ee v mm: 0,365 Vi\u0161ina embala\u017ee v mm: 0,013 Dol\u017eina embala\u017ee v [&hellip;]<\/p>\n","protected":false},"featured_media":2751,"template":"","meta":[],"product_brand":[],"product_cat":[1020,1012],"product_tag":[],"class_list":{"0":"post-2750","1":"product","2":"type-product","3":"status-publish","4":"has-post-thumbnail","6":"product_cat-orodja-oprema","7":"product_cat-stroji-za-les","9":"first","10":"instock","11":"shipping-taxable","12":"purchasable","13":"product-type-simple"},"_links":{"self":[{"href":"https:\/\/www.depoles.com\/hr\/wp-json\/wp\/v2\/product\/2750","targetHints":{"allow":["GET"]}}],"collection":[{"href":"https:\/\/www.depoles.com\/hr\/wp-json\/wp\/v2\/product"}],"about":[{"href":"https:\/\/www.depoles.com\/hr\/wp-json\/wp\/v2\/types\/product"}],"wp:featuredmedia":[{"embeddable":true,"href":"https:\/\/www.depoles.com\/hr\/wp-json\/wp\/v2\/media\/2751"}],"wp:attachment":[{"href":"https:\/\/www.depoles.com\/hr\/wp-json\/wp\/v2\/media?parent=2750"}],"wp:term":[{"taxonomy":"product_brand","embeddable":true,"href":"https:\/\/www.depoles.com\/hr\/wp-json\/wp\/v2\/product_brand?post=2750"},{"taxonomy":"product_cat","embeddable":true,"href":"https:\/\/www.depoles.com\/hr\/wp-json\/wp\/v2\/product_cat?post=2750"},{"taxonomy":"product_tag","embeddable":true,"href":"https:\/\/www.depoles.com\/hr\/wp-json\/wp\/v2\/product_tag?post=2750"}],"curies":[{"name":"wp","href":"https:\/\/api.w.org\/{rel}","templated":true}]}}