{"id":2752,"date":"2020-04-08T10:12:05","date_gmt":"2020-04-08T08:12:05","guid":{"rendered":"https:\/\/nova.depoles.com\/trgovina\/rezilna-zaga-120x22x20-sbvfks400\/"},"modified":"2025-12-17T23:31:32","modified_gmt":"2025-12-17T22:31:32","slug":"rezilna-zaga-120x22x20-sbvfks400","status":"publish","type":"product","link":"https:\/\/www.depoles.com\/hr\/trgovina\/rezilna-zaga-120x22x20-sbvfks400\/","title":{"rendered":"Pila za rezanje 120x2,2x20 SBVFKS400"},"content":{"rendered":"<p><strong>Tehni\u010dne specifikacije:<\/strong><\/p>\n<ul>\n<li><strong>Te\u017ea:<\/strong><\/li>\n<ul>\n<li>Bruto te\u017ea: 0,30 kg<\/li>\n<li>Neto te\u017ea: 0,25 kg<\/li>\n<\/ul>\n<li><strong>Embala\u017ea:<\/strong><\/li>\n<ul>\n<li>Dol\u017eina embala\u017ee: 0 mm<\/li>\n<li>\u0160irina embala\u017ee: 0 mm<\/li>\n<li>Vi\u0161ina embala\u017ee: 0 mm<\/li>\n<\/ul>\n<\/ul>\n","protected":false},"excerpt":{"rendered":"<p>Tehni\u010dne specifikacije: Te\u017ea: Bruto te\u017ea: 0,30 kg Neto te\u017ea: 0,25 kg Embala\u017ea: Dol\u017eina embala\u017ee: 0 mm \u0160irina embala\u017ee: 0 mm Vi\u0161ina embala\u017ee: 0 mm<\/p>\n","protected":false},"featured_media":2753,"template":"","meta":[],"product_brand":[],"product_cat":[1020,1012],"product_tag":[],"class_list":{"0":"post-2752","1":"product","2":"type-product","3":"status-publish","4":"has-post-thumbnail","6":"product_cat-orodja-oprema","7":"product_cat-stroji-za-les","9":"first","10":"instock","11":"shipping-taxable","12":"purchasable","13":"product-type-simple"},"_links":{"self":[{"href":"https:\/\/www.depoles.com\/hr\/wp-json\/wp\/v2\/product\/2752","targetHints":{"allow":["GET"]}}],"collection":[{"href":"https:\/\/www.depoles.com\/hr\/wp-json\/wp\/v2\/product"}],"about":[{"href":"https:\/\/www.depoles.com\/hr\/wp-json\/wp\/v2\/types\/product"}],"wp:featuredmedia":[{"embeddable":true,"href":"https:\/\/www.depoles.com\/hr\/wp-json\/wp\/v2\/media\/2753"}],"wp:attachment":[{"href":"https:\/\/www.depoles.com\/hr\/wp-json\/wp\/v2\/media?parent=2752"}],"wp:term":[{"taxonomy":"product_brand","embeddable":true,"href":"https:\/\/www.depoles.com\/hr\/wp-json\/wp\/v2\/product_brand?post=2752"},{"taxonomy":"product_cat","embeddable":true,"href":"https:\/\/www.depoles.com\/hr\/wp-json\/wp\/v2\/product_cat?post=2752"},{"taxonomy":"product_tag","embeddable":true,"href":"https:\/\/www.depoles.com\/hr\/wp-json\/wp\/v2\/product_tag?post=2752"}],"curies":[{"name":"wp","href":"https:\/\/api.w.org\/{rel}","templated":true}]}}