{"id":2758,"date":"2020-04-08T10:12:00","date_gmt":"2020-04-08T08:12:00","guid":{"rendered":"https:\/\/nova.depoles.com\/trgovina\/zaga-list-za-holzmann-tas165-ksb16520z48\/"},"modified":"2026-02-12T13:39:54","modified_gmt":"2026-02-12T12:39:54","slug":"zaga-list-za-holzmann-tas165-ksb16520z48","status":"publish","type":"product","link":"https:\/\/www.depoles.com\/hr\/trgovina\/zaga-list-za-holzmann-tas165-ksb16520z48\/","title":{"rendered":"LIST ZA PILU HOLZMANN TAS165 KSB16520Z48"},"content":{"rendered":"<p><strong>Tehni\u010dni podatki<\/strong><\/p>\n<ul>\n<li><strong>Te\u017ea<\/strong>\n<ul>\n<li>Bruto te\u017ea: 0,40 kg<\/li>\n<li>Netto te\u017ea: 0,35 kg<\/li>\n<\/ul>\n<\/li>\n<li><strong>Pakiranje<\/strong>\n<ul>\n<li>Dol\u017eina pakiranja: 220 mm<\/li>\n<li>\u0160irina pakiranja: 190 mm<\/li>\n<li>Vi\u0161ina pakiranja: 15 mm<\/li>\n<\/ul>\n<\/li>\n<li><strong>Splo\u0161ni podatki<\/strong>\n<ul>\n<li>EAN koda: 9120039905013<\/li>\n<\/ul>\n<\/li>\n<\/ul>\n","protected":false},"excerpt":{"rendered":"<p>Tehni\u010dni podatki Te\u017ea Bruto te\u017ea: 0,40 kg Netto te\u017ea: 0,35 kg Pakiranje Dol\u017eina pakiranja: 220 mm \u0160irina pakiranja: 190 mm Vi\u0161ina pakiranja: 15 mm Splo\u0161ni podatki EAN koda: 9120039905013<\/p>\n","protected":false},"featured_media":2759,"template":"","meta":[],"product_brand":[],"product_cat":[1020,1012],"product_tag":[],"class_list":{"0":"post-2758","1":"product","2":"type-product","3":"status-publish","4":"has-post-thumbnail","6":"product_cat-orodja-oprema","7":"product_cat-stroji-za-les","9":"first","10":"instock","11":"shipping-taxable","12":"purchasable","13":"product-type-simple"},"_links":{"self":[{"href":"https:\/\/www.depoles.com\/hr\/wp-json\/wp\/v2\/product\/2758","targetHints":{"allow":["GET"]}}],"collection":[{"href":"https:\/\/www.depoles.com\/hr\/wp-json\/wp\/v2\/product"}],"about":[{"href":"https:\/\/www.depoles.com\/hr\/wp-json\/wp\/v2\/types\/product"}],"wp:featuredmedia":[{"embeddable":true,"href":"https:\/\/www.depoles.com\/hr\/wp-json\/wp\/v2\/media\/2759"}],"wp:attachment":[{"href":"https:\/\/www.depoles.com\/hr\/wp-json\/wp\/v2\/media?parent=2758"}],"wp:term":[{"taxonomy":"product_brand","embeddable":true,"href":"https:\/\/www.depoles.com\/hr\/wp-json\/wp\/v2\/product_brand?post=2758"},{"taxonomy":"product_cat","embeddable":true,"href":"https:\/\/www.depoles.com\/hr\/wp-json\/wp\/v2\/product_cat?post=2758"},{"taxonomy":"product_tag","embeddable":true,"href":"https:\/\/www.depoles.com\/hr\/wp-json\/wp\/v2\/product_tag?post=2758"}],"curies":[{"name":"wp","href":"https:\/\/api.w.org\/{rel}","templated":true}]}}