{"id":2762,"date":"2020-04-08T10:11:55","date_gmt":"2020-04-08T08:11:55","guid":{"rendered":"https:\/\/nova.depoles.com\/trgovina\/zaga-alu-ohisju-hm-o-254-mm-ksb254set\/"},"modified":"2026-03-31T18:42:01","modified_gmt":"2026-03-31T16:42:01","slug":"zaga-alu-ohisju-hm-o-254-mm-ksb254set","status":"publish","type":"product","link":"https:\/\/www.depoles.com\/hr\/trgovina\/zaga-alu-ohisju-hm-o-254-mm-ksb254set\/","title":{"rendered":"Pila SET 3 kom u aluminijskom ku\u0107i\u0161tu HM \u00d8 254 mm KSB254SET"},"content":{"rendered":"<p><strong>Specifikacije izdelka:<\/strong><\/p>\n<ul>\n<li><strong>Te\u017ea:<\/strong>\n<ul>\n<li>Bruto te\u017ea: 2,80 kg<\/li>\n<li>Netto te\u017ea: 2,20 kg<\/li>\n<\/ul>\n<\/li>\n<li><strong>Embala\u017ea:<\/strong>\n<ul>\n<li>Dol\u017eina embala\u017ee: 330 mm<\/li>\n<li>\u0160irina embala\u017ee: 300 mm<\/li>\n<li>Vi\u0161ina embala\u017ee: 40 mm<\/li>\n<\/ul>\n<\/li>\n<li><strong>Splo\u0161ni podatki:<\/strong>\n<ul>\n<li>EAN koda: 9120039900339<\/li>\n<\/ul>\n<\/li>\n<\/ul>\n","protected":false},"excerpt":{"rendered":"<p>Specifikacije izdelka: Te\u017ea: Bruto te\u017ea: 2,80 kg Netto te\u017ea: 2,20 kg Embala\u017ea: Dol\u017eina embala\u017ee: 330 mm \u0160irina embala\u017ee: 300 mm Vi\u0161ina embala\u017ee: 40 mm Splo\u0161ni podatki: EAN koda: 9120039900339<\/p>\n","protected":false},"featured_media":2763,"template":"","meta":[],"product_brand":[],"product_cat":[1020,1012],"product_tag":[],"class_list":{"0":"post-2762","1":"product","2":"type-product","3":"status-publish","4":"has-post-thumbnail","6":"product_cat-orodja-oprema","7":"product_cat-stroji-za-les","9":"first","10":"instock","11":"shipping-taxable","12":"purchasable","13":"product-type-simple"},"_links":{"self":[{"href":"https:\/\/www.depoles.com\/hr\/wp-json\/wp\/v2\/product\/2762","targetHints":{"allow":["GET"]}}],"collection":[{"href":"https:\/\/www.depoles.com\/hr\/wp-json\/wp\/v2\/product"}],"about":[{"href":"https:\/\/www.depoles.com\/hr\/wp-json\/wp\/v2\/types\/product"}],"wp:featuredmedia":[{"embeddable":true,"href":"https:\/\/www.depoles.com\/hr\/wp-json\/wp\/v2\/media\/2763"}],"wp:attachment":[{"href":"https:\/\/www.depoles.com\/hr\/wp-json\/wp\/v2\/media?parent=2762"}],"wp:term":[{"taxonomy":"product_brand","embeddable":true,"href":"https:\/\/www.depoles.com\/hr\/wp-json\/wp\/v2\/product_brand?post=2762"},{"taxonomy":"product_cat","embeddable":true,"href":"https:\/\/www.depoles.com\/hr\/wp-json\/wp\/v2\/product_cat?post=2762"},{"taxonomy":"product_tag","embeddable":true,"href":"https:\/\/www.depoles.com\/hr\/wp-json\/wp\/v2\/product_tag?post=2762"}],"curies":[{"name":"wp","href":"https:\/\/api.w.org\/{rel}","templated":true}]}}