{"id":2764,"date":"2020-04-08T10:11:53","date_gmt":"2020-04-08T08:11:53","guid":{"rendered":"https:\/\/nova.depoles.com\/trgovina\/cc-list-zage-v-alu-ohisju-o-300-mm-ksb300set\/"},"modified":"2026-02-12T13:43:29","modified_gmt":"2026-02-12T12:43:29","slug":"cc-list-zage-v-alu-ohisju-o-300-mm-ksb300set","status":"publish","type":"product","link":"https:\/\/www.depoles.com\/hr\/trgovina\/cc-list-zage-v-alu-ohisju-o-300-mm-ksb300set\/","title":{"rendered":"Pila SET 3 kom u aluminijskom ku\u0107i\u0161tu HM \u00d8 300 mm KSB300SET"},"content":{"rendered":"<p><strong>Tehni\u010dni podatki<\/strong><\/p>\n<ul>\n<li><strong>Te\u017ea<\/strong>\n<ul>\n<li>Bruto te\u017ea: 4,30 kg<\/li>\n<li>Netto te\u017ea: 3,50 kg<\/li>\n<\/ul>\n<\/li>\n<li><strong>Embal\u017ea<\/strong>\n<ul>\n<li>Dol\u017eina embala\u017ee: 375 mm<\/li>\n<li>\u0160irina embala\u017ee: 345 mm<\/li>\n<li>Vi\u0161ina embala\u017ee: 40 mm<\/li>\n<\/ul>\n<\/li>\n<li><strong>Splo\u0161ni podatki<\/strong>\n<ul>\n<li>EAN koda: 9120039900346<\/li>\n<\/ul>\n<\/li>\n<\/ul>\n","protected":false},"excerpt":{"rendered":"<p>Tehni\u010dni podatki Te\u017ea Bruto te\u017ea: 4,30 kg Netto te\u017ea: 3,50 kg Embal\u017ea Dol\u017eina embala\u017ee: 375 mm \u0160irina embala\u017ee: 345 mm Vi\u0161ina embala\u017ee: 40 mm Splo\u0161ni podatki EAN koda: 9120039900346<\/p>\n","protected":false},"featured_media":2765,"template":"","meta":[],"product_brand":[],"product_cat":[1020,1012],"product_tag":[],"class_list":{"0":"post-2764","1":"product","2":"type-product","3":"status-publish","4":"has-post-thumbnail","6":"product_cat-orodja-oprema","7":"product_cat-stroji-za-les","9":"first","10":"instock","11":"shipping-taxable","12":"purchasable","13":"product-type-simple"},"_links":{"self":[{"href":"https:\/\/www.depoles.com\/hr\/wp-json\/wp\/v2\/product\/2764","targetHints":{"allow":["GET"]}}],"collection":[{"href":"https:\/\/www.depoles.com\/hr\/wp-json\/wp\/v2\/product"}],"about":[{"href":"https:\/\/www.depoles.com\/hr\/wp-json\/wp\/v2\/types\/product"}],"wp:featuredmedia":[{"embeddable":true,"href":"https:\/\/www.depoles.com\/hr\/wp-json\/wp\/v2\/media\/2765"}],"wp:attachment":[{"href":"https:\/\/www.depoles.com\/hr\/wp-json\/wp\/v2\/media?parent=2764"}],"wp:term":[{"taxonomy":"product_brand","embeddable":true,"href":"https:\/\/www.depoles.com\/hr\/wp-json\/wp\/v2\/product_brand?post=2764"},{"taxonomy":"product_cat","embeddable":true,"href":"https:\/\/www.depoles.com\/hr\/wp-json\/wp\/v2\/product_cat?post=2764"},{"taxonomy":"product_tag","embeddable":true,"href":"https:\/\/www.depoles.com\/hr\/wp-json\/wp\/v2\/product_tag?post=2764"}],"curies":[{"name":"wp","href":"https:\/\/api.w.org\/{rel}","templated":true}]}}