{"id":2766,"date":"2020-04-08T10:11:51","date_gmt":"2020-04-08T08:11:51","guid":{"rendered":"https:\/\/nova.depoles.com\/trgovina\/cc-list-zage-v-alu-ohisju-o-315-mm-ksb315set\/"},"modified":"2026-02-12T13:55:19","modified_gmt":"2026-02-12T12:55:19","slug":"cc-list-zage-v-alu-ohisju-o-315-mm-ksb315set","status":"publish","type":"product","link":"https:\/\/www.depoles.com\/hr\/trgovina\/cc-list-zage-v-alu-ohisju-o-315-mm-ksb315set\/","title":{"rendered":"Pila SET 3 kom u aluminijskom ku\u0107i\u0161tu HM \u00d8 315 mm KSB315SET"},"content":{"rendered":"<p><strong>Specifikacija izdelka<\/strong><\/p>\n<table>\n<tbody>\n<tr>\n<th colspan=\"2\">Te\u017ea<\/th>\n<\/tr>\n<tr>\n<td>Bruto te\u017ea (kg)<\/td>\n<td>4,50<\/td>\n<\/tr>\n<tr>\n<td>Netto te\u017ea (kg)<\/td>\n<td>3,80<\/td>\n<\/tr>\n<tr>\n<th colspan=\"2\">Embala\u017ea<\/th>\n<\/tr>\n<tr>\n<td>Dol\u017eina embala\u017ee (mm)<\/td>\n<td>390<\/td>\n<\/tr>\n<tr>\n<td>\u0160irina embala\u017ee (mm)<\/td>\n<td>362<\/td>\n<\/tr>\n<tr>\n<td>Vi\u0161ina embala\u017ee (mm)<\/td>\n<td>40<\/td>\n<\/tr>\n<tr>\n<th colspan=\"2\">Splo\u0161ni podatki<\/th>\n<\/tr>\n<tr>\n<td>EAN koda<\/td>\n<td>9120039900353<\/td>\n<\/tr>\n<\/tbody>\n<\/table>\n","protected":false},"excerpt":{"rendered":"<p>Specifikacija izdelka Te\u017ea Bruto te\u017ea (kg) 4,50 Netto te\u017ea (kg) 3,80 Embala\u017ea Dol\u017eina embala\u017ee (mm) 390 \u0160irina embala\u017ee (mm) 362 Vi\u0161ina embala\u017ee (mm) 40 Splo\u0161ni podatki EAN koda 9120039900353<\/p>\n","protected":false},"featured_media":2767,"template":"","meta":[],"product_brand":[],"product_cat":[1020,1012],"product_tag":[],"class_list":{"0":"post-2766","1":"product","2":"type-product","3":"status-publish","4":"has-post-thumbnail","6":"product_cat-orodja-oprema","7":"product_cat-stroji-za-les","9":"first","10":"instock","11":"shipping-taxable","12":"purchasable","13":"product-type-simple"},"_links":{"self":[{"href":"https:\/\/www.depoles.com\/hr\/wp-json\/wp\/v2\/product\/2766","targetHints":{"allow":["GET"]}}],"collection":[{"href":"https:\/\/www.depoles.com\/hr\/wp-json\/wp\/v2\/product"}],"about":[{"href":"https:\/\/www.depoles.com\/hr\/wp-json\/wp\/v2\/types\/product"}],"wp:featuredmedia":[{"embeddable":true,"href":"https:\/\/www.depoles.com\/hr\/wp-json\/wp\/v2\/media\/2767"}],"wp:attachment":[{"href":"https:\/\/www.depoles.com\/hr\/wp-json\/wp\/v2\/media?parent=2766"}],"wp:term":[{"taxonomy":"product_brand","embeddable":true,"href":"https:\/\/www.depoles.com\/hr\/wp-json\/wp\/v2\/product_brand?post=2766"},{"taxonomy":"product_cat","embeddable":true,"href":"https:\/\/www.depoles.com\/hr\/wp-json\/wp\/v2\/product_cat?post=2766"},{"taxonomy":"product_tag","embeddable":true,"href":"https:\/\/www.depoles.com\/hr\/wp-json\/wp\/v2\/product_tag?post=2766"}],"curies":[{"name":"wp","href":"https:\/\/api.w.org\/{rel}","templated":true}]}}