{"id":2768,"date":"2020-04-08T10:11:49","date_gmt":"2020-04-08T08:11:49","guid":{"rendered":"https:\/\/nova.depoles.com\/trgovina\/tct-krozna-zaga-ksb31532z48\/"},"modified":"2025-12-17T15:13:40","modified_gmt":"2025-12-17T14:13:40","slug":"tct-krozna-zaga-ksb31532z48","status":"publish","type":"product","link":"https:\/\/www.depoles.com\/hr\/trgovina\/tct-krozna-zaga-ksb31532z48\/","title":{"rendered":"List za pilu HM KSB31532Z48"},"content":{"rendered":"<p><strong>Tehni\u010dni podatki<\/strong><\/p>\n<ul>\n<li><strong>Premer kro\u017ene \u017eage:<\/strong> 315 mm<\/li>\n<li><strong>Premer vstopnega izvrtine:<\/strong> 30 \/ 25,4 mm<\/li>\n<li><strong>\u0160tevilo zob:<\/strong> 48<\/li>\n<li><strong>Debelina zoba:<\/strong> 3,2 mm<\/li>\n<li><strong>Debelina rezila:<\/strong> 2,2 mm<\/li>\n<li><strong>Bruto te\u017ea:<\/strong> 0,40 kg<\/li>\n<li><strong>Net te\u017ea:<\/strong> 0,35 kg<\/li>\n<li><strong>Dimenzije embala\u017ee (\u0160 x V x D):<\/strong> 465 mm x 1300 mm x 405 mm<\/li>\n<li><strong>EAN koda:<\/strong> 9120058373404<\/li>\n<\/ul>\n","protected":false},"excerpt":{"rendered":"<p>Tehni\u010dni podatki Premer kro\u017ene \u017eage: 315 mm Premer vstopnega izvrtine: 30 \/ 25,4 mm \u0160tevilo zob: 48 Debelina zoba: 3,2 mm Debelina rezila: 2,2 mm Bruto te\u017ea: 0,40 kg Net te\u017ea: 0,35 kg Dimenzije embala\u017ee (\u0160 x V x D): 465 mm x 1300 mm x 405 mm EAN koda: 9120058373404<\/p>\n","protected":false},"featured_media":2769,"template":"","meta":[],"product_brand":[],"product_cat":[1020,1012],"product_tag":[],"class_list":{"0":"post-2768","1":"product","2":"type-product","3":"status-publish","4":"has-post-thumbnail","6":"product_cat-orodja-oprema","7":"product_cat-stroji-za-les","9":"first","10":"instock","11":"shipping-taxable","12":"purchasable","13":"product-type-simple"},"_links":{"self":[{"href":"https:\/\/www.depoles.com\/hr\/wp-json\/wp\/v2\/product\/2768","targetHints":{"allow":["GET"]}}],"collection":[{"href":"https:\/\/www.depoles.com\/hr\/wp-json\/wp\/v2\/product"}],"about":[{"href":"https:\/\/www.depoles.com\/hr\/wp-json\/wp\/v2\/types\/product"}],"wp:featuredmedia":[{"embeddable":true,"href":"https:\/\/www.depoles.com\/hr\/wp-json\/wp\/v2\/media\/2769"}],"wp:attachment":[{"href":"https:\/\/www.depoles.com\/hr\/wp-json\/wp\/v2\/media?parent=2768"}],"wp:term":[{"taxonomy":"product_brand","embeddable":true,"href":"https:\/\/www.depoles.com\/hr\/wp-json\/wp\/v2\/product_brand?post=2768"},{"taxonomy":"product_cat","embeddable":true,"href":"https:\/\/www.depoles.com\/hr\/wp-json\/wp\/v2\/product_cat?post=2768"},{"taxonomy":"product_tag","embeddable":true,"href":"https:\/\/www.depoles.com\/hr\/wp-json\/wp\/v2\/product_tag?post=2768"}],"curies":[{"name":"wp","href":"https:\/\/api.w.org\/{rel}","templated":true}]}}