{"id":2782,"date":"2020-04-08T10:11:36","date_gmt":"2020-04-08T08:11:36","guid":{"rendered":"https:\/\/nova.depoles.com\/trgovina\/brusna-palica-s-k80-115mm-o35mm-sh2740sk80\/"},"modified":"2025-12-17T23:32:06","modified_gmt":"2025-12-17T22:32:06","slug":"brusna-palica-s-k80-115mm-o35mm-sh2740sk80","status":"publish","type":"product","link":"https:\/\/www.depoles.com\/hr\/trgovina\/brusna-palica-s-k80-115mm-o35mm-sh2740sk80\/","title":{"rendered":"Brusni \u0161tap S K80 115mm, \u00d835mm SH2740SK80"},"content":{"rendered":"<p><strong>Tehni\u010dni podatki:<\/strong><\/p>\n<ul>\n<li><strong>Te\u017ea:<\/strong>\n<ul>\n<li>Bruto te\u017ea: 0,10 kg<\/li>\n<li>Netto te\u017ea: 0,10 kg<\/li>\n<\/ul>\n<\/li>\n<li><strong>Embala\u017ea:<\/strong>\n<ul>\n<li>Dol\u017eina embala\u017ee: 50 mm<\/li>\n<li>\u0160irina embala\u017ee: 50 mm<\/li>\n<li>Vi\u0161ina embala\u017ee: 100 mm<\/li>\n<\/ul>\n<\/li>\n<li><strong>Splo\u0161ni podatki:<\/strong>\n<ul>\n<li>EAN koda: 9120039908540<\/li>\n<\/ul>\n<\/li>\n<\/ul>\n","protected":false},"excerpt":{"rendered":"<p>Tehni\u010dni podatki: Te\u017ea: Bruto te\u017ea: 0,10 kg Netto te\u017ea: 0,10 kg Embala\u017ea: Dol\u017eina embala\u017ee: 50 mm \u0160irina embala\u017ee: 50 mm Vi\u0161ina embala\u017ee: 100 mm Splo\u0161ni podatki: EAN koda: 9120039908540<\/p>\n","protected":false},"featured_media":2783,"template":"","meta":[],"product_brand":[],"product_cat":[1020,1012],"product_tag":[],"class_list":{"0":"post-2782","1":"product","2":"type-product","3":"status-publish","4":"has-post-thumbnail","6":"product_cat-orodja-oprema","7":"product_cat-stroji-za-les","9":"first","10":"instock","11":"shipping-taxable","12":"purchasable","13":"product-type-simple"},"_links":{"self":[{"href":"https:\/\/www.depoles.com\/hr\/wp-json\/wp\/v2\/product\/2782","targetHints":{"allow":["GET"]}}],"collection":[{"href":"https:\/\/www.depoles.com\/hr\/wp-json\/wp\/v2\/product"}],"about":[{"href":"https:\/\/www.depoles.com\/hr\/wp-json\/wp\/v2\/types\/product"}],"wp:featuredmedia":[{"embeddable":true,"href":"https:\/\/www.depoles.com\/hr\/wp-json\/wp\/v2\/media\/2783"}],"wp:attachment":[{"href":"https:\/\/www.depoles.com\/hr\/wp-json\/wp\/v2\/media?parent=2782"}],"wp:term":[{"taxonomy":"product_brand","embeddable":true,"href":"https:\/\/www.depoles.com\/hr\/wp-json\/wp\/v2\/product_brand?post=2782"},{"taxonomy":"product_cat","embeddable":true,"href":"https:\/\/www.depoles.com\/hr\/wp-json\/wp\/v2\/product_cat?post=2782"},{"taxonomy":"product_tag","embeddable":true,"href":"https:\/\/www.depoles.com\/hr\/wp-json\/wp\/v2\/product_tag?post=2782"}],"curies":[{"name":"wp","href":"https:\/\/api.w.org\/{rel}","templated":true}]}}