{"id":2934,"date":"2020-04-08T10:09:08","date_gmt":"2020-04-08T08:09:08","guid":{"rendered":"https:\/\/nova.depoles.com\/trgovina\/brusni-trak-3000x200xk120-sb3000pk120\/"},"modified":"2025-12-17T23:34:47","modified_gmt":"2025-12-17T22:34:47","slug":"brusni-trak-3000x200xk120-sb3000pk120","status":"publish","type":"product","link":"https:\/\/www.depoles.com\/hr\/trgovina\/brusni-trak-3000x200xk120-sb3000pk120\/","title":{"rendered":"Brusni trak 3000x200xK120 SB3000PK120"},"content":{"rendered":"<p><strong>Specifikacija izdelka<\/strong><\/p>\n<table>\n<tbody>\n<tr>\n<td><strong>Te\u017ea<\/strong><\/td>\n<td><\/td>\n<\/tr>\n<tr>\n<td>Bruto te\u017ea (kg)<\/td>\n<td>0,20<\/td>\n<\/tr>\n<tr>\n<td>Neto te\u017ea (kg)<\/td>\n<td>0,10<\/td>\n<\/tr>\n<tr>\n<td><strong>Embala\u017ea<\/strong><\/td>\n<td><\/td>\n<\/tr>\n<tr>\n<td>Dol\u017eina embala\u017ee (mm)<\/td>\n<td>700<\/td>\n<\/tr>\n<tr>\n<td>\u0160irina embala\u017ee (mm)<\/td>\n<td>400<\/td>\n<\/tr>\n<tr>\n<td>Vi\u0161ina embala\u017ee (mm)<\/td>\n<td>200<\/td>\n<\/tr>\n<tr>\n<td><strong>Splo\u0161ni podatki<\/strong><\/td>\n<td><\/td>\n<\/tr>\n<tr>\n<td>EAN koda<\/td>\n<td>9120058374845<\/td>\n<\/tr>\n<\/tbody>\n<\/table>\n","protected":false},"excerpt":{"rendered":"<p>Specifikacija izdelka Te\u017ea Bruto te\u017ea (kg) 0,20 Neto te\u017ea (kg) 0,10 Embala\u017ea Dol\u017eina embala\u017ee (mm) 700 \u0160irina embala\u017ee (mm) 400 Vi\u0161ina embala\u017ee (mm) 200 Splo\u0161ni podatki EAN koda 9120058374845<\/p>\n","protected":false},"featured_media":2935,"template":"","meta":[],"product_brand":[],"product_cat":[1020,1012],"product_tag":[],"class_list":{"0":"post-2934","1":"product","2":"type-product","3":"status-publish","4":"has-post-thumbnail","6":"product_cat-orodja-oprema","7":"product_cat-stroji-za-les","9":"first","10":"instock","11":"shipping-taxable","12":"purchasable","13":"product-type-simple"},"_links":{"self":[{"href":"https:\/\/www.depoles.com\/hr\/wp-json\/wp\/v2\/product\/2934","targetHints":{"allow":["GET"]}}],"collection":[{"href":"https:\/\/www.depoles.com\/hr\/wp-json\/wp\/v2\/product"}],"about":[{"href":"https:\/\/www.depoles.com\/hr\/wp-json\/wp\/v2\/types\/product"}],"wp:featuredmedia":[{"embeddable":true,"href":"https:\/\/www.depoles.com\/hr\/wp-json\/wp\/v2\/media\/2935"}],"wp:attachment":[{"href":"https:\/\/www.depoles.com\/hr\/wp-json\/wp\/v2\/media?parent=2934"}],"wp:term":[{"taxonomy":"product_brand","embeddable":true,"href":"https:\/\/www.depoles.com\/hr\/wp-json\/wp\/v2\/product_brand?post=2934"},{"taxonomy":"product_cat","embeddable":true,"href":"https:\/\/www.depoles.com\/hr\/wp-json\/wp\/v2\/product_cat?post=2934"},{"taxonomy":"product_tag","embeddable":true,"href":"https:\/\/www.depoles.com\/hr\/wp-json\/wp\/v2\/product_tag?post=2934"}],"curies":[{"name":"wp","href":"https:\/\/api.w.org\/{rel}","templated":true}]}}