{"id":3028,"date":"2020-04-08T10:07:14","date_gmt":"2020-04-08T08:07:14","guid":{"rendered":"https:\/\/nova.depoles.com\/trgovina\/set-brusilnega-pasu-1xk60-3xk80-3xk100-3xk120-sb1220set\/"},"modified":"2026-02-12T13:57:14","modified_gmt":"2026-02-12T12:57:14","slug":"set-brusilnega-pasu-1xk60-3xk80-3xk100-3xk120-sb1220set","status":"publish","type":"product","link":"https:\/\/www.depoles.com\/hr\/trgovina\/set-brusilnega-pasu-1xk60-3xk80-3xk100-3xk120-sb1220set\/","title":{"rendered":"Set brusnih traka 1xK60 3xK80 3xK100 3xK120 SB1220SET"},"content":{"rendered":"<p><strong>Tehni\u010dni podatki<\/strong><\/p>\n<ul>\n<li><strong>Te\u017ea<\/strong>\n<ul>\n<li>Bruto te\u017ea: 1,10 kg<\/li>\n<li>Netto te\u017ea: 1,00 kg<\/li>\n<\/ul>\n<\/li>\n<li><strong>Embala\u017ea<\/strong>\n<ul>\n<li>Dol\u017eina embala\u017ee: 900 mm<\/li>\n<li>\u0160irina embala\u017ee: 700 mm<\/li>\n<li>Vi\u0161ina embala\u017ee: 400 mm<\/li>\n<\/ul>\n<\/li>\n<li><strong>Splo\u0161ni podatki<\/strong>\n<ul>\n<li>EAN koda: 9120039903804<\/li>\n<\/ul>\n<\/li>\n<\/ul>\n","protected":false},"excerpt":{"rendered":"<p>Tehni\u010dni podatki Te\u017ea Bruto te\u017ea: 1,10 kg Netto te\u017ea: 1,00 kg Embala\u017ea Dol\u017eina embala\u017ee: 900 mm \u0160irina embala\u017ee: 700 mm Vi\u0161ina embala\u017ee: 400 mm Splo\u0161ni podatki EAN koda: 9120039903804<\/p>\n","protected":false},"featured_media":3029,"template":"","meta":[],"product_brand":[],"product_cat":[1020,1012],"product_tag":[],"class_list":{"0":"post-3028","1":"product","2":"type-product","3":"status-publish","4":"has-post-thumbnail","6":"product_cat-orodja-oprema","7":"product_cat-stroji-za-les","9":"first","10":"instock","11":"shipping-taxable","12":"purchasable","13":"product-type-simple"},"_links":{"self":[{"href":"https:\/\/www.depoles.com\/hr\/wp-json\/wp\/v2\/product\/3028","targetHints":{"allow":["GET"]}}],"collection":[{"href":"https:\/\/www.depoles.com\/hr\/wp-json\/wp\/v2\/product"}],"about":[{"href":"https:\/\/www.depoles.com\/hr\/wp-json\/wp\/v2\/types\/product"}],"wp:featuredmedia":[{"embeddable":true,"href":"https:\/\/www.depoles.com\/hr\/wp-json\/wp\/v2\/media\/3029"}],"wp:attachment":[{"href":"https:\/\/www.depoles.com\/hr\/wp-json\/wp\/v2\/media?parent=3028"}],"wp:term":[{"taxonomy":"product_brand","embeddable":true,"href":"https:\/\/www.depoles.com\/hr\/wp-json\/wp\/v2\/product_brand?post=3028"},{"taxonomy":"product_cat","embeddable":true,"href":"https:\/\/www.depoles.com\/hr\/wp-json\/wp\/v2\/product_cat?post=3028"},{"taxonomy":"product_tag","embeddable":true,"href":"https:\/\/www.depoles.com\/hr\/wp-json\/wp\/v2\/product_tag?post=3028"}],"curies":[{"name":"wp","href":"https:\/\/api.w.org\/{rel}","templated":true}]}}