{"id":3050,"date":"2020-04-08T10:06:54","date_gmt":"2020-04-08T08:06:54","guid":{"rendered":"https:\/\/nova.depoles.com\/trgovina\/nastavek-vrtalna-glava-za-4-kotne-luknje-stm4sb-holzmann\/"},"modified":"2026-03-12T09:19:03","modified_gmt":"2026-03-12T08:19:03","slug":"nastavek-vrtalna-glava-za-4-kotne-luknje-stm4sb-holzmann","status":"publish","type":"product","link":"https:\/\/www.depoles.com\/hr\/trgovina\/nastavek-vrtalna-glava-za-4-kotne-luknje-stm4sb-holzmann\/","title":{"rendered":"NASTAVAK\/BU\u0160ILICA GLAVA za 4 kutne rupe STM4SB HOLZMANN"},"content":{"rendered":"<p><strong>Tehni\u010dni podatki:<\/strong><\/p>\n<table>\n<tbody>\n<tr>\n<th colspan=\"2\">Te\u017ea<\/th>\n<\/tr>\n<tr>\n<td>Bruto te\u017ea (kg)<\/td>\n<td>8<\/td>\n<\/tr>\n<tr>\n<td>Netto te\u017ea (kg)<\/td>\n<td>7,50<\/td>\n<\/tr>\n<tr>\n<th colspan=\"2\">Embala\u017ea<\/th>\n<\/tr>\n<tr>\n<td>Vi\u0161ina embala\u017ee (mm)<\/td>\n<td>360<\/td>\n<\/tr>\n<tr>\n<td>Dol\u017eina embala\u017ee (mm)<\/td>\n<td>330<\/td>\n<\/tr>\n<tr>\n<td>\u0160irina embala\u017ee (mm)<\/td>\n<td>125<\/td>\n<\/tr>\n<tr>\n<th colspan=\"2\">Splo\u0161ni podatki<\/th>\n<\/tr>\n<tr>\n<td>EAN koda<\/td>\n<td>9120058375897<\/td>\n<\/tr>\n<\/tbody>\n<\/table>\n","protected":false},"excerpt":{"rendered":"<h5><span style=\"color: #008080\"><span style=\"color: #ff0000\"><span style=\"color: #008080\"><strong>PONOVNO NA\u00a0 ZALOGI\/DOBAVA TAKOJ!!<\/strong><\/span><\/span><\/span><\/h5>\n<h5>Prilega se VSEM vrtalnikom z naslednjim premerom prirobnice:<\/h5>\n<ul>\n<li>\u00d8 40 mm<\/li>\n<li>\u00d8 48 mm<\/li>\n<li>\u00d8 50 mm<\/li>\n<li>\u00d8 55 mm<\/li>\n<li>\u00d8 60 mm<\/li>\n<li>\u00d8 66 mm<\/li>\n<li>\u00d8 75 mm<\/li>\n<\/ul>\n<p><strong>POMEMBNO<\/strong> : Uporablja se samo tako, kot je prikazano v kombinaciji s tipalno vpenjalno tipko.<\/p>\n<p><strong>vsebina dostave:<\/strong><\/p>\n<ul>\n<li>pritrdilni tulec \u00d8 OD 75 mm x \u00d8 ID 66 mm<\/li>\n<li>pritrdilni tulec \u00d8 OD 66 mm x \u00d8 ID 60 mm<\/li>\n<li>pritrdilni tulec \u00d8 OD 60 mm x \u00d8 ID 55 mm<\/li>\n<li>pu\u0161a \u00d8 OD 66mm x \u00d8 ID 40mm<\/li>\n<li>pu\u0161a \u00d8 OD 66mm x \u00d8 ID 48mm<\/li>\n<li>pu\u0161a \u00d8 OD 66mm x \u00d8 ID 51mm<\/li>\n<li>T-matice<\/li>\n<li>zaklepna ro\u010dica<\/li>\n<li>naprava<\/li>\n<\/ul>\n<p>&nbsp;<\/p>\n<p>https:\/\/www.youtube.com\/watch?time_continue=5&amp;v=EYjadwqIPRM&amp;embeds_euri=https%3A%2F%2Fwww.google.com%2Fsearch%3Fq%3Dstmb4%2Bholzmann%26sxsrf%3DAJOqlzU3H7UiriBoByPfoV0MgHisDL7u5A%3A1679642796493%26source%3Dlnms%26tbm%3Dvid%26sa%3DX%26v&amp;feature=emb_logo<\/p>\n<p>&nbsp;<\/p>\n<p>&nbsp;<\/p>\n","protected":false},"featured_media":3051,"template":"","meta":[],"product_brand":[],"product_cat":[1020,1012],"product_tag":[155,314,393,441,524,542,584,790,889],"class_list":{"0":"post-3050","1":"product","2":"type-product","3":"status-publish","4":"has-post-thumbnail","6":"product_cat-orodja-oprema","7":"product_cat-stroji-za-les","8":"product_tag-4kotne","9":"product_tag-depoles","10":"product_tag-glava","11":"product_tag-holzmann","12":"product_tag-kvadratne","13":"product_tag-luknje","14":"product_tag-nastavek","15":"product_tag-stirikotne","16":"product_tag-vrtalna","18":"first","19":"instock","20":"shipping-taxable","21":"purchasable","22":"product-type-simple"},"_links":{"self":[{"href":"https:\/\/www.depoles.com\/hr\/wp-json\/wp\/v2\/product\/3050","targetHints":{"allow":["GET"]}}],"collection":[{"href":"https:\/\/www.depoles.com\/hr\/wp-json\/wp\/v2\/product"}],"about":[{"href":"https:\/\/www.depoles.com\/hr\/wp-json\/wp\/v2\/types\/product"}],"wp:featuredmedia":[{"embeddable":true,"href":"https:\/\/www.depoles.com\/hr\/wp-json\/wp\/v2\/media\/3051"}],"wp:attachment":[{"href":"https:\/\/www.depoles.com\/hr\/wp-json\/wp\/v2\/media?parent=3050"}],"wp:term":[{"taxonomy":"product_brand","embeddable":true,"href":"https:\/\/www.depoles.com\/hr\/wp-json\/wp\/v2\/product_brand?post=3050"},{"taxonomy":"product_cat","embeddable":true,"href":"https:\/\/www.depoles.com\/hr\/wp-json\/wp\/v2\/product_cat?post=3050"},{"taxonomy":"product_tag","embeddable":true,"href":"https:\/\/www.depoles.com\/hr\/wp-json\/wp\/v2\/product_tag?post=3050"}],"curies":[{"name":"wp","href":"https:\/\/api.w.org\/{rel}","templated":true}]}}