{"id":3053,"date":"2020-04-08T10:06:51","date_gmt":"2020-04-08T08:06:51","guid":{"rendered":"https:\/\/nova.depoles.com\/trgovina\/univerzalni-nastavljeni-biti-s-hm-pritrditvijo-fbs5tlg\/"},"modified":"2026-02-12T13:46:46","modified_gmt":"2026-02-12T12:46:46","slug":"univerzalni-nastavljeni-biti-s-hm-pritrditvijo-fbs5tlg","status":"publish","type":"product","link":"https:\/\/www.depoles.com\/hr\/trgovina\/univerzalni-nastavljeni-biti-s-hm-pritrditvijo-fbs5tlg\/","title":{"rendered":"Univerzalni svrdla za gr\u010de s HM pri\u010dvr\u0161\u0107enjem FBS5TLG"},"content":{"rendered":"<p><strong>Tehni\u010dni podatki:<\/strong><\/p>\n<ul>\n<li><strong>Te\u017ea:<\/strong>\n<ul>\n<li>Bruto te\u017ea: 10 kg<\/li>\n<li>Netto te\u017ea: 9 kg<\/li>\n<\/ul>\n<\/li>\n<li><strong>Embal\u017ea:<\/strong>\n<ul>\n<li>Dol\u017eina embala\u017ee: 350 mm<\/li>\n<li>\u0160irina embala\u017ee: 300 mm<\/li>\n<li>Vi\u0161ina embala\u017ee: 300 mm<\/li>\n<\/ul>\n<\/li>\n<li><strong>Splo\u0161ni podatki:<\/strong>\n<ul>\n<li>EAN koda: 9120039908359<\/li>\n<\/ul>\n<\/li>\n<\/ul>\n","protected":false},"excerpt":{"rendered":"<p>Tehni\u010dni podatki: Te\u017ea: Bruto te\u017ea: 10 kg Netto te\u017ea: 9 kg Embal\u017ea: Dol\u017eina embala\u017ee: 350 mm \u0160irina embala\u017ee: 300 mm Vi\u0161ina embala\u017ee: 300 mm Splo\u0161ni podatki: EAN koda: 9120039908359<\/p>\n","protected":false},"featured_media":3054,"template":"","meta":[],"product_brand":[],"product_cat":[1020,1012],"product_tag":[],"class_list":{"0":"post-3053","1":"product","2":"type-product","3":"status-publish","4":"has-post-thumbnail","6":"product_cat-orodja-oprema","7":"product_cat-stroji-za-les","9":"first","10":"instock","11":"shipping-taxable","12":"purchasable","13":"product-type-simple"},"_links":{"self":[{"href":"https:\/\/www.depoles.com\/hr\/wp-json\/wp\/v2\/product\/3053","targetHints":{"allow":["GET"]}}],"collection":[{"href":"https:\/\/www.depoles.com\/hr\/wp-json\/wp\/v2\/product"}],"about":[{"href":"https:\/\/www.depoles.com\/hr\/wp-json\/wp\/v2\/types\/product"}],"wp:featuredmedia":[{"embeddable":true,"href":"https:\/\/www.depoles.com\/hr\/wp-json\/wp\/v2\/media\/3054"}],"wp:attachment":[{"href":"https:\/\/www.depoles.com\/hr\/wp-json\/wp\/v2\/media?parent=3053"}],"wp:term":[{"taxonomy":"product_brand","embeddable":true,"href":"https:\/\/www.depoles.com\/hr\/wp-json\/wp\/v2\/product_brand?post=3053"},{"taxonomy":"product_cat","embeddable":true,"href":"https:\/\/www.depoles.com\/hr\/wp-json\/wp\/v2\/product_cat?post=3053"},{"taxonomy":"product_tag","embeddable":true,"href":"https:\/\/www.depoles.com\/hr\/wp-json\/wp\/v2\/product_tag?post=3053"}],"curies":[{"name":"wp","href":"https:\/\/api.w.org\/{rel}","templated":true}]}}