{"id":3073,"date":"2020-04-08T10:06:30","date_gmt":"2020-04-08T08:06:30","guid":{"rendered":"https:\/\/nova.depoles.com\/trgovina\/list-tracne-zage-3454x6x06mm-6-zpz-bsb470b6\/"},"modified":"2026-02-12T13:54:29","modified_gmt":"2026-02-12T12:54:29","slug":"list-tracne-zage-3454x6x06mm-6-zpz-bsb470b6","status":"publish","type":"product","link":"https:\/\/www.depoles.com\/hr\/trgovina\/list-tracne-zage-3454x6x06mm-6-zpz-bsb470b6\/","title":{"rendered":"List tra\u010dne pile 3454x6x0,6mm 6 ZPZ BSB470B6"},"content":{"rendered":"<p><strong>Specifikacije izdelka<\/strong><\/p>\n<ul>\n<li><strong>Te\u017ea<\/strong>\n<ul>\n<li>Bruto te\u017ea: 0,11 kg<\/li>\n<li>Netto te\u017ea: 0,09 kg<\/li>\n<\/ul>\n<\/li>\n<li><strong>Pakiranje<\/strong>\n<ul>\n<li>Dol\u017eina pakiranja: 320 mm<\/li>\n<li>\u0160irina pakiranja: 305 mm<\/li>\n<li>Vi\u0161ina pakiranja: 12 mm<\/li>\n<\/ul>\n<\/li>\n<li><strong>Splo\u0161ni podatki<\/strong>\n<ul>\n<li>EAN koda: 9120039903323<\/li>\n<\/ul>\n<\/li>\n<\/ul>\n","protected":false},"excerpt":{"rendered":"<p>Specifikacije izdelka Te\u017ea Bruto te\u017ea: 0,11 kg Netto te\u017ea: 0,09 kg Pakiranje Dol\u017eina pakiranja: 320 mm \u0160irina pakiranja: 305 mm Vi\u0161ina pakiranja: 12 mm Splo\u0161ni podatki EAN koda: 9120039903323<\/p>\n","protected":false},"featured_media":3074,"template":"","meta":[],"product_brand":[],"product_cat":[1020,1012],"product_tag":[],"class_list":{"0":"post-3073","1":"product","2":"type-product","3":"status-publish","4":"has-post-thumbnail","6":"product_cat-orodja-oprema","7":"product_cat-stroji-za-les","9":"first","10":"instock","11":"shipping-taxable","12":"purchasable","13":"product-type-simple"},"_links":{"self":[{"href":"https:\/\/www.depoles.com\/hr\/wp-json\/wp\/v2\/product\/3073","targetHints":{"allow":["GET"]}}],"collection":[{"href":"https:\/\/www.depoles.com\/hr\/wp-json\/wp\/v2\/product"}],"about":[{"href":"https:\/\/www.depoles.com\/hr\/wp-json\/wp\/v2\/types\/product"}],"wp:featuredmedia":[{"embeddable":true,"href":"https:\/\/www.depoles.com\/hr\/wp-json\/wp\/v2\/media\/3074"}],"wp:attachment":[{"href":"https:\/\/www.depoles.com\/hr\/wp-json\/wp\/v2\/media?parent=3073"}],"wp:term":[{"taxonomy":"product_brand","embeddable":true,"href":"https:\/\/www.depoles.com\/hr\/wp-json\/wp\/v2\/product_brand?post=3073"},{"taxonomy":"product_cat","embeddable":true,"href":"https:\/\/www.depoles.com\/hr\/wp-json\/wp\/v2\/product_cat?post=3073"},{"taxonomy":"product_tag","embeddable":true,"href":"https:\/\/www.depoles.com\/hr\/wp-json\/wp\/v2\/product_tag?post=3073"}],"curies":[{"name":"wp","href":"https:\/\/api.w.org\/{rel}","templated":true}]}}