{"id":3083,"date":"2020-04-08T10:06:22","date_gmt":"2020-04-08T08:06:22","guid":{"rendered":"https:\/\/nova.depoles.com\/trgovina\/list-tracne-zage-2950x6x04mm-6-zpz-bsb400b6\/"},"modified":"2026-02-12T13:40:49","modified_gmt":"2026-02-12T12:40:49","slug":"list-tracne-zage-2950x6x04mm-6-zpz-bsb400b6","status":"publish","type":"product","link":"https:\/\/www.depoles.com\/hr\/trgovina\/list-tracne-zage-2950x6x04mm-6-zpz-bsb400b6\/","title":{"rendered":"List tra\u010dne pile 2950x6x0,4mm 6 ZPZ BSB400B6"},"content":{"rendered":"<p><strong>Specifikacija izdelka<\/strong><\/p>\n<ul>\n<li><strong>Te\u017ea<\/strong>\n<ul>\n<li>Bruto te\u017ea: 0,07 kg<\/li>\n<li>Neto te\u017ea: 0,05 kg<\/li>\n<\/ul>\n<\/li>\n<li><strong>Pakiranje<\/strong>\n<ul>\n<li>Dol\u017eina pakiranja: 320 mm<\/li>\n<li>\u0160irina pakiranja: 305 mm<\/li>\n<li>Vi\u0161ina pakiranja: 12 mm<\/li>\n<\/ul>\n<\/li>\n<li><strong>Splo\u0161ni podatki<\/strong>\n<ul>\n<li>EAN koda: 9120039907291<\/li>\n<\/ul>\n<\/li>\n<\/ul>\n","protected":false},"excerpt":{"rendered":"<p>Specifikacija izdelka Te\u017ea Bruto te\u017ea: 0,07 kg Neto te\u017ea: 0,05 kg Pakiranje Dol\u017eina pakiranja: 320 mm \u0160irina pakiranja: 305 mm Vi\u0161ina pakiranja: 12 mm Splo\u0161ni podatki EAN koda: 9120039907291<\/p>\n","protected":false},"featured_media":3084,"template":"","meta":[],"product_brand":[],"product_cat":[1020,1012],"product_tag":[],"class_list":{"0":"post-3083","1":"product","2":"type-product","3":"status-publish","4":"has-post-thumbnail","6":"product_cat-orodja-oprema","7":"product_cat-stroji-za-les","9":"first","10":"instock","11":"shipping-taxable","12":"purchasable","13":"product-type-simple"},"_links":{"self":[{"href":"https:\/\/www.depoles.com\/hr\/wp-json\/wp\/v2\/product\/3083","targetHints":{"allow":["GET"]}}],"collection":[{"href":"https:\/\/www.depoles.com\/hr\/wp-json\/wp\/v2\/product"}],"about":[{"href":"https:\/\/www.depoles.com\/hr\/wp-json\/wp\/v2\/types\/product"}],"wp:featuredmedia":[{"embeddable":true,"href":"https:\/\/www.depoles.com\/hr\/wp-json\/wp\/v2\/media\/3084"}],"wp:attachment":[{"href":"https:\/\/www.depoles.com\/hr\/wp-json\/wp\/v2\/media?parent=3083"}],"wp:term":[{"taxonomy":"product_brand","embeddable":true,"href":"https:\/\/www.depoles.com\/hr\/wp-json\/wp\/v2\/product_brand?post=3083"},{"taxonomy":"product_cat","embeddable":true,"href":"https:\/\/www.depoles.com\/hr\/wp-json\/wp\/v2\/product_cat?post=3083"},{"taxonomy":"product_tag","embeddable":true,"href":"https:\/\/www.depoles.com\/hr\/wp-json\/wp\/v2\/product_tag?post=3083"}],"curies":[{"name":"wp","href":"https:\/\/api.w.org\/{rel}","templated":true}]}}