{"id":3085,"date":"2020-04-08T10:06:20","date_gmt":"2020-04-08T08:06:20","guid":{"rendered":"https:\/\/nova.depoles.com\/trgovina\/list-tracne-zage-2950x16x05mm-t-6-mm-bsb400b15\/"},"modified":"2026-02-12T13:47:00","modified_gmt":"2026-02-12T12:47:00","slug":"list-tracne-zage-2950x16x05mm-t-6-mm-bsb400b15","status":"publish","type":"product","link":"https:\/\/www.depoles.com\/hr\/trgovina\/list-tracne-zage-2950x16x05mm-t-6-mm-bsb400b15\/","title":{"rendered":"List tra\u010dne pile 2950x16x0,5mm T 6 mm BSB400B15"},"content":{"rendered":"<table>\n<tr>\n<th colspan=\"2\">Tehni\u010dni podatki<\/th>\n<\/tr>\n<tr>\n<th>Te\u017ea<\/th>\n<td><\/td>\n<\/tr>\n<tr>\n<td>&#8211; Bruto te\u017ea (kg)<\/td>\n<td>0,19<\/td>\n<\/tr>\n<tr>\n<td>&#8211; Neto te\u017ea (kg)<\/td>\n<td>0,17<\/td>\n<\/tr>\n<tr>\n<th>Embala\u017ea<\/th>\n<td><\/td>\n<\/tr>\n<tr>\n<td>&#8211; Dol\u017eina embala\u017ee (mm)<\/td>\n<td>320<\/td>\n<\/tr>\n<tr>\n<td>&#8211; \u0160irina embala\u017ee (mm)<\/td>\n<td>305<\/td>\n<\/tr>\n<tr>\n<td>&#8211; Vi\u0161ina embala\u017ee (mm)<\/td>\n<td>30<\/td>\n<\/tr>\n<tr>\n<th>Splo\u0161ni podatki<\/th>\n<td><\/td>\n<\/tr>\n<tr>\n<td>EAN koda<\/td>\n<td>9120039907277<\/td>\n<\/tr>\n<\/table>\n","protected":false},"excerpt":{"rendered":"<p>Tehni\u010dni podatki Te\u017ea &#8211; Bruto te\u017ea (kg) 0,19 &#8211; Neto te\u017ea (kg) 0,17 Embala\u017ea &#8211; Dol\u017eina embala\u017ee (mm) 320 &#8211; \u0160irina embala\u017ee (mm) 305 &#8211; Vi\u0161ina embala\u017ee (mm) 30 Splo\u0161ni podatki EAN koda 9120039907277<\/p>\n","protected":false},"featured_media":3086,"template":"","meta":[],"product_brand":[],"product_cat":[1020,1012],"product_tag":[],"class_list":{"0":"post-3085","1":"product","2":"type-product","3":"status-publish","4":"has-post-thumbnail","6":"product_cat-orodja-oprema","7":"product_cat-stroji-za-les","9":"first","10":"instock","11":"shipping-taxable","12":"purchasable","13":"product-type-simple"},"_links":{"self":[{"href":"https:\/\/www.depoles.com\/hr\/wp-json\/wp\/v2\/product\/3085","targetHints":{"allow":["GET"]}}],"collection":[{"href":"https:\/\/www.depoles.com\/hr\/wp-json\/wp\/v2\/product"}],"about":[{"href":"https:\/\/www.depoles.com\/hr\/wp-json\/wp\/v2\/types\/product"}],"wp:featuredmedia":[{"embeddable":true,"href":"https:\/\/www.depoles.com\/hr\/wp-json\/wp\/v2\/media\/3086"}],"wp:attachment":[{"href":"https:\/\/www.depoles.com\/hr\/wp-json\/wp\/v2\/media?parent=3085"}],"wp:term":[{"taxonomy":"product_brand","embeddable":true,"href":"https:\/\/www.depoles.com\/hr\/wp-json\/wp\/v2\/product_brand?post=3085"},{"taxonomy":"product_cat","embeddable":true,"href":"https:\/\/www.depoles.com\/hr\/wp-json\/wp\/v2\/product_cat?post=3085"},{"taxonomy":"product_tag","embeddable":true,"href":"https:\/\/www.depoles.com\/hr\/wp-json\/wp\/v2\/product_tag?post=3085"}],"curies":[{"name":"wp","href":"https:\/\/api.w.org\/{rel}","templated":true}]}}