{"id":3093,"date":"2020-04-08T10:06:13","date_gmt":"2020-04-08T08:06:13","guid":{"rendered":"https:\/\/nova.depoles.com\/trgovina\/list-tracne-zage-2240x6x036mm-6-zpz-bsb300b6\/"},"modified":"2026-02-12T13:55:16","modified_gmt":"2026-02-12T12:55:16","slug":"list-tracne-zage-2240x6x036mm-6-zpz-bsb300b6","status":"publish","type":"product","link":"https:\/\/www.depoles.com\/hr\/trgovina\/list-tracne-zage-2240x6x036mm-6-zpz-bsb300b6\/","title":{"rendered":"List tra\u010dne pile 2240x6x0,36mm 6 ZPZ BSB300B6"},"content":{"rendered":"<p><strong>Tehni\u010dne specifikacije:<\/strong><\/p>\n<table>\n<tbody>\n<tr>\n<th colspan=\"2\">Te\u017ea<\/th>\n<\/tr>\n<tr>\n<td>Bruto te\u017ea (kg)<\/td>\n<td>0,05<\/td>\n<\/tr>\n<tr>\n<td>Netto te\u017ea (kg)<\/td>\n<td>0,03<\/td>\n<\/tr>\n<tr>\n<th colspan=\"2\">Embala\u017ea<\/th>\n<\/tr>\n<tr>\n<td>Dol\u017eina embala\u017ee (mm)<\/td>\n<td>320<\/td>\n<\/tr>\n<tr>\n<td>\u0160irina embala\u017ee (mm)<\/td>\n<td>305<\/td>\n<\/tr>\n<tr>\n<td>Vi\u0161ina embala\u017ee (mm)<\/td>\n<td>12<\/td>\n<\/tr>\n<tr>\n<th colspan=\"2\">Splo\u0161ni podatki<\/th>\n<\/tr>\n<tr>\n<td>EAN koda<\/td>\n<td>9120039907239<\/td>\n<\/tr>\n<\/tbody>\n<\/table>\n","protected":false},"excerpt":{"rendered":"<p>Tehni\u010dne specifikacije: Te\u017ea Bruto te\u017ea (kg) 0,05 Netto te\u017ea (kg) 0,03 Embala\u017ea Dol\u017eina embala\u017ee (mm) 320 \u0160irina embala\u017ee (mm) 305 Vi\u0161ina embala\u017ee (mm) 12 Splo\u0161ni podatki EAN koda 9120039907239<\/p>\n","protected":false},"featured_media":3094,"template":"","meta":[],"product_brand":[],"product_cat":[1020,1012],"product_tag":[],"class_list":{"0":"post-3093","1":"product","2":"type-product","3":"status-publish","4":"has-post-thumbnail","6":"product_cat-orodja-oprema","7":"product_cat-stroji-za-les","9":"first","10":"instock","11":"shipping-taxable","12":"purchasable","13":"product-type-simple"},"_links":{"self":[{"href":"https:\/\/www.depoles.com\/hr\/wp-json\/wp\/v2\/product\/3093","targetHints":{"allow":["GET"]}}],"collection":[{"href":"https:\/\/www.depoles.com\/hr\/wp-json\/wp\/v2\/product"}],"about":[{"href":"https:\/\/www.depoles.com\/hr\/wp-json\/wp\/v2\/types\/product"}],"wp:featuredmedia":[{"embeddable":true,"href":"https:\/\/www.depoles.com\/hr\/wp-json\/wp\/v2\/media\/3094"}],"wp:attachment":[{"href":"https:\/\/www.depoles.com\/hr\/wp-json\/wp\/v2\/media?parent=3093"}],"wp:term":[{"taxonomy":"product_brand","embeddable":true,"href":"https:\/\/www.depoles.com\/hr\/wp-json\/wp\/v2\/product_brand?post=3093"},{"taxonomy":"product_cat","embeddable":true,"href":"https:\/\/www.depoles.com\/hr\/wp-json\/wp\/v2\/product_cat?post=3093"},{"taxonomy":"product_tag","embeddable":true,"href":"https:\/\/www.depoles.com\/hr\/wp-json\/wp\/v2\/product_tag?post=3093"}],"curies":[{"name":"wp","href":"https:\/\/api.w.org\/{rel}","templated":true}]}}