{"id":3099,"date":"2020-04-08T10:06:08","date_gmt":"2020-04-08T08:06:08","guid":{"rendered":"https:\/\/nova.depoles.com\/trgovina\/list-tracne-zage-2240x10x04mm-t-6-mm-bsb300b10\/"},"modified":"2026-02-12T13:54:39","modified_gmt":"2026-02-12T12:54:39","slug":"list-tracne-zage-2240x10x04mm-t-6-mm-bsb300b10","status":"publish","type":"product","link":"https:\/\/www.depoles.com\/hr\/trgovina\/list-tracne-zage-2240x10x04mm-t-6-mm-bsb300b10\/","title":{"rendered":"List tra\u010dne pile 2240x10x0,4mm T 6 mm BSB300B10"},"content":{"rendered":"<p><strong>Tehni\u010dni podatki<\/strong><\/p>\n<ul>\n<li><strong>Te\u017ea<\/strong>\n<ul>\n<li>Bruto te\u017ea: 0,08 kg<\/li>\n<li>Netto te\u017ea: 0,06 kg<\/li>\n<\/ul>\n<\/li>\n<li><strong>Embala\u017ea<\/strong>\n<ul>\n<li>Dol\u017eina embala\u017ee: 320 mm<\/li>\n<li>\u0160irina embala\u017ee: 305 mm<\/li>\n<li>Vi\u0161ina embala\u017ee: 20 mm<\/li>\n<\/ul>\n<\/li>\n<li><strong>Splo\u0161ni podatki<\/strong>\n<ul>\n<li>EAN koda: 9120039907208<\/li>\n<\/ul>\n<\/li>\n<\/ul>\n","protected":false},"excerpt":{"rendered":"<p>Tehni\u010dni podatki Te\u017ea Bruto te\u017ea: 0,08 kg Netto te\u017ea: 0,06 kg Embala\u017ea Dol\u017eina embala\u017ee: 320 mm \u0160irina embala\u017ee: 305 mm Vi\u0161ina embala\u017ee: 20 mm Splo\u0161ni podatki EAN koda: 9120039907208<\/p>\n","protected":false},"featured_media":3100,"template":"","meta":[],"product_brand":[],"product_cat":[1020,1012],"product_tag":[],"class_list":{"0":"post-3099","1":"product","2":"type-product","3":"status-publish","4":"has-post-thumbnail","6":"product_cat-orodja-oprema","7":"product_cat-stroji-za-les","9":"first","10":"instock","11":"shipping-taxable","12":"purchasable","13":"product-type-simple"},"_links":{"self":[{"href":"https:\/\/www.depoles.com\/hr\/wp-json\/wp\/v2\/product\/3099","targetHints":{"allow":["GET"]}}],"collection":[{"href":"https:\/\/www.depoles.com\/hr\/wp-json\/wp\/v2\/product"}],"about":[{"href":"https:\/\/www.depoles.com\/hr\/wp-json\/wp\/v2\/types\/product"}],"wp:featuredmedia":[{"embeddable":true,"href":"https:\/\/www.depoles.com\/hr\/wp-json\/wp\/v2\/media\/3100"}],"wp:attachment":[{"href":"https:\/\/www.depoles.com\/hr\/wp-json\/wp\/v2\/media?parent=3099"}],"wp:term":[{"taxonomy":"product_brand","embeddable":true,"href":"https:\/\/www.depoles.com\/hr\/wp-json\/wp\/v2\/product_brand?post=3099"},{"taxonomy":"product_cat","embeddable":true,"href":"https:\/\/www.depoles.com\/hr\/wp-json\/wp\/v2\/product_cat?post=3099"},{"taxonomy":"product_tag","embeddable":true,"href":"https:\/\/www.depoles.com\/hr\/wp-json\/wp\/v2\/product_tag?post=3099"}],"curies":[{"name":"wp","href":"https:\/\/api.w.org\/{rel}","templated":true}]}}