{"id":3101,"date":"2020-04-08T10:06:06","date_gmt":"2020-04-08T08:06:06","guid":{"rendered":"https:\/\/nova.depoles.com\/trgovina\/list-tracne-zage-1826x8x04mm-6-zpz-bsb245hqb8\/"},"modified":"2026-02-12T13:41:14","modified_gmt":"2026-02-12T12:41:14","slug":"list-tracne-zage-1826x8x04mm-6-zpz-bsb245hqb8","status":"publish","type":"product","link":"https:\/\/www.depoles.com\/hr\/trgovina\/list-tracne-zage-1826x8x04mm-6-zpz-bsb245hqb8\/","title":{"rendered":"List tra\u010dne pile 1826x8x0,4mm 6 ZpZ BSB245HQB8"},"content":{"rendered":"<p><strong>Tehni\u010dne specifikacije:<\/strong><\/p>\n<table>\n<tbody>\n<tr>\n<th>Te\u017ea (kg)<\/th>\n<td><\/td>\n<\/tr>\n<tr>\n<td>Bruto te\u017ea<\/td>\n<td>0,06<\/td>\n<\/tr>\n<tr>\n<td>Netto te\u017ea<\/td>\n<td>0,04<\/td>\n<\/tr>\n<tr>\n<th>Embala\u017ea (mm)<\/th>\n<td><\/td>\n<\/tr>\n<tr>\n<td>Dol\u017eina embala\u017ee<\/td>\n<td>320<\/td>\n<\/tr>\n<tr>\n<td>\u0160irina embala\u017ee<\/td>\n<td>305<\/td>\n<\/tr>\n<tr>\n<td>Vi\u0161ina embala\u017ee<\/td>\n<td>16<\/td>\n<\/tr>\n<tr>\n<th>Splo\u0161ni podatki<\/th>\n<td><\/td>\n<\/tr>\n<tr>\n<td>EAN koda<\/td>\n<td>9120058371981<\/td>\n<\/tr>\n<\/tbody>\n<\/table>\n","protected":false},"excerpt":{"rendered":"<p>Tehni\u010dne specifikacije: Te\u017ea (kg) Bruto te\u017ea 0,06 Netto te\u017ea 0,04 Embala\u017ea (mm) Dol\u017eina embala\u017ee 320 \u0160irina embala\u017ee 305 Vi\u0161ina embala\u017ee 16 Splo\u0161ni podatki EAN koda 9120058371981<\/p>\n","protected":false},"featured_media":3102,"template":"","meta":[],"product_brand":[],"product_cat":[1020,1012],"product_tag":[],"class_list":{"0":"post-3101","1":"product","2":"type-product","3":"status-publish","4":"has-post-thumbnail","6":"product_cat-orodja-oprema","7":"product_cat-stroji-za-les","9":"first","10":"instock","11":"shipping-taxable","12":"purchasable","13":"product-type-simple"},"_links":{"self":[{"href":"https:\/\/www.depoles.com\/hr\/wp-json\/wp\/v2\/product\/3101","targetHints":{"allow":["GET"]}}],"collection":[{"href":"https:\/\/www.depoles.com\/hr\/wp-json\/wp\/v2\/product"}],"about":[{"href":"https:\/\/www.depoles.com\/hr\/wp-json\/wp\/v2\/types\/product"}],"wp:featuredmedia":[{"embeddable":true,"href":"https:\/\/www.depoles.com\/hr\/wp-json\/wp\/v2\/media\/3102"}],"wp:attachment":[{"href":"https:\/\/www.depoles.com\/hr\/wp-json\/wp\/v2\/media?parent=3101"}],"wp:term":[{"taxonomy":"product_brand","embeddable":true,"href":"https:\/\/www.depoles.com\/hr\/wp-json\/wp\/v2\/product_brand?post=3101"},{"taxonomy":"product_cat","embeddable":true,"href":"https:\/\/www.depoles.com\/hr\/wp-json\/wp\/v2\/product_cat?post=3101"},{"taxonomy":"product_tag","embeddable":true,"href":"https:\/\/www.depoles.com\/hr\/wp-json\/wp\/v2\/product_tag?post=3101"}],"curies":[{"name":"wp","href":"https:\/\/api.w.org\/{rel}","templated":true}]}}