{"id":3105,"date":"2020-04-08T10:06:03","date_gmt":"2020-04-08T08:06:03","guid":{"rendered":"https:\/\/nova.depoles.com\/trgovina\/list-tracne-zage-1826x12x04mm-t-6-mm-bsb245hqb12\/"},"modified":"2026-02-12T13:54:13","modified_gmt":"2026-02-12T12:54:13","slug":"list-tracne-zage-1826x12x04mm-t-6-mm-bsb245hqb12","status":"publish","type":"product","link":"https:\/\/www.depoles.com\/hr\/trgovina\/list-tracne-zage-1826x12x04mm-t-6-mm-bsb245hqb12\/","title":{"rendered":"List tra\u010dne pile 1826x12x0,4mm T 6 mm BSB245HQB12"},"content":{"rendered":"<p><strong>Specifikacija izdelka<\/strong><\/p>\n<ul>\n<li><strong>Te\u017ea<\/strong>\n<ul>\n<li>Bruto te\u017ea: 0,08 kg<\/li>\n<li>Net\u043e te\u017ea: 0,06 kg<\/li>\n<\/ul>\n<\/li>\n<li><strong>Pakiranje<\/strong>\n<ul>\n<li>Dol\u017eina pakiranja: 320 mm<\/li>\n<li>\u0160irina pakiranja: 305 mm<\/li>\n<li>Vi\u0161ina pakiranja: 24 mm<\/li>\n<\/ul>\n<\/li>\n<li><strong>Splo\u0161ni podatki<\/strong>\n<ul>\n<li>EAN koda: 9120058371967<\/li>\n<\/ul>\n<\/li>\n<\/ul>\n","protected":false},"excerpt":{"rendered":"<p>Specifikacija izdelka Te\u017ea Bruto te\u017ea: 0,08 kg Net\u043e te\u017ea: 0,06 kg Pakiranje Dol\u017eina pakiranja: 320 mm \u0160irina pakiranja: 305 mm Vi\u0161ina pakiranja: 24 mm Splo\u0161ni podatki EAN koda: 9120058371967<\/p>\n","protected":false},"featured_media":3106,"template":"","meta":[],"product_brand":[],"product_cat":[1020,1012],"product_tag":[],"class_list":{"0":"post-3105","1":"product","2":"type-product","3":"status-publish","4":"has-post-thumbnail","6":"product_cat-orodja-oprema","7":"product_cat-stroji-za-les","9":"first","10":"instock","11":"shipping-taxable","12":"purchasable","13":"product-type-simple"},"_links":{"self":[{"href":"https:\/\/www.depoles.com\/hr\/wp-json\/wp\/v2\/product\/3105","targetHints":{"allow":["GET"]}}],"collection":[{"href":"https:\/\/www.depoles.com\/hr\/wp-json\/wp\/v2\/product"}],"about":[{"href":"https:\/\/www.depoles.com\/hr\/wp-json\/wp\/v2\/types\/product"}],"wp:featuredmedia":[{"embeddable":true,"href":"https:\/\/www.depoles.com\/hr\/wp-json\/wp\/v2\/media\/3106"}],"wp:attachment":[{"href":"https:\/\/www.depoles.com\/hr\/wp-json\/wp\/v2\/media?parent=3105"}],"wp:term":[{"taxonomy":"product_brand","embeddable":true,"href":"https:\/\/www.depoles.com\/hr\/wp-json\/wp\/v2\/product_brand?post=3105"},{"taxonomy":"product_cat","embeddable":true,"href":"https:\/\/www.depoles.com\/hr\/wp-json\/wp\/v2\/product_cat?post=3105"},{"taxonomy":"product_tag","embeddable":true,"href":"https:\/\/www.depoles.com\/hr\/wp-json\/wp\/v2\/product_tag?post=3105"}],"curies":[{"name":"wp","href":"https:\/\/api.w.org\/{rel}","templated":true}]}}