{"id":3109,"date":"2020-04-08T10:06:00","date_gmt":"2020-04-08T08:06:00","guid":{"rendered":"https:\/\/nova.depoles.com\/trgovina\/tracna-zaga-1575x6x036mm-14-zpz-bsb230b6\/"},"modified":"2025-12-17T23:37:17","modified_gmt":"2025-12-17T22:37:17","slug":"tracna-zaga-1575x6x036mm-14-zpz-bsb230b6","status":"publish","type":"product","link":"https:\/\/www.depoles.com\/hr\/trgovina\/tracna-zaga-1575x6x036mm-14-zpz-bsb230b6\/","title":{"rendered":"Trakna pila 1575x6x0,36mm 14 ZpZ BSB230B6"},"content":{"rendered":"<p><strong>Tehni\u010dni podatki<\/strong><\/p>\n<ul>\n<li><strong>Te\u017ea<\/strong>\n<ul>\n<li>Bruto te\u017ea: 0,04 kg<\/li>\n<li>Neto te\u017ea: 0,02 kg<\/li>\n<\/ul>\n<\/li>\n<li><strong>Embala\u017ea<\/strong>\n<ul>\n<li>\u0160irina embala\u017ee: 400 mm<\/li>\n<li>Vi\u0161ina embala\u017ee: 50 mm<\/li>\n<li>Dol\u017eina embala\u017ee: 425 mm<\/li>\n<\/ul>\n<\/li>\n<li><strong>Splo\u0161ni podatki<\/strong>\n<ul>\n<li>EAN koda: 9120058374296<\/li>\n<\/ul>\n<\/li>\n<\/ul>\n","protected":false},"excerpt":{"rendered":"<p>Tehni\u010dni podatki Te\u017ea Bruto te\u017ea: 0,04 kg Neto te\u017ea: 0,02 kg Embala\u017ea \u0160irina embala\u017ee: 400 mm Vi\u0161ina embala\u017ee: 50 mm Dol\u017eina embala\u017ee: 425 mm Splo\u0161ni podatki EAN koda: 9120058374296<\/p>\n","protected":false},"featured_media":3110,"template":"","meta":[],"product_brand":[],"product_cat":[1020,1012],"product_tag":[],"class_list":{"0":"post-3109","1":"product","2":"type-product","3":"status-publish","4":"has-post-thumbnail","6":"product_cat-orodja-oprema","7":"product_cat-stroji-za-les","9":"first","10":"instock","11":"shipping-taxable","12":"purchasable","13":"product-type-simple"},"_links":{"self":[{"href":"https:\/\/www.depoles.com\/hr\/wp-json\/wp\/v2\/product\/3109","targetHints":{"allow":["GET"]}}],"collection":[{"href":"https:\/\/www.depoles.com\/hr\/wp-json\/wp\/v2\/product"}],"about":[{"href":"https:\/\/www.depoles.com\/hr\/wp-json\/wp\/v2\/types\/product"}],"wp:featuredmedia":[{"embeddable":true,"href":"https:\/\/www.depoles.com\/hr\/wp-json\/wp\/v2\/media\/3110"}],"wp:attachment":[{"href":"https:\/\/www.depoles.com\/hr\/wp-json\/wp\/v2\/media?parent=3109"}],"wp:term":[{"taxonomy":"product_brand","embeddable":true,"href":"https:\/\/www.depoles.com\/hr\/wp-json\/wp\/v2\/product_brand?post=3109"},{"taxonomy":"product_cat","embeddable":true,"href":"https:\/\/www.depoles.com\/hr\/wp-json\/wp\/v2\/product_cat?post=3109"},{"taxonomy":"product_tag","embeddable":true,"href":"https:\/\/www.depoles.com\/hr\/wp-json\/wp\/v2\/product_tag?post=3109"}],"curies":[{"name":"wp","href":"https:\/\/api.w.org\/{rel}","templated":true}]}}