{"id":3117,"date":"2020-04-08T10:05:53","date_gmt":"2020-04-08T08:05:53","guid":{"rendered":"https:\/\/nova.depoles.com\/trgovina\/tracna-zaga-4470x35x07mm-t-10-mm-bsb600delb35\/"},"modified":"2025-12-17T23:37:31","modified_gmt":"2025-12-17T22:37:31","slug":"tracna-zaga-4470x35x07mm-t-10-mm-bsb600delb35","status":"publish","type":"product","link":"https:\/\/www.depoles.com\/hr\/trgovina\/tracna-zaga-4470x35x07mm-t-10-mm-bsb600delb35\/","title":{"rendered":"Trakna pila 4470x35x0,7mm T 10 mm BSB600DELB35"},"content":{"rendered":"<p><strong>Specifikacija izdelka<\/strong><\/p>\n<ul>\n<li><strong>Te\u017ea:<\/strong>\n<ul>\n<li>Bruto te\u017ea: 0,79 kg<\/li>\n<li>Netto te\u017ea: 0,77 kg<\/li>\n<\/ul>\n<\/li>\n<li><strong>Pakiranje:<\/strong>\n<ul>\n<li>\u0160irina pakiranja: 400 mm<\/li>\n<li>Vi\u0161ina pakiranja: 50 mm<\/li>\n<li>Dol\u017eina pakiranja: 425 mm<\/li>\n<\/ul>\n<\/li>\n<li><strong>Splo\u0161ni podatki:<\/strong>\n<ul>\n<li>EAN koda: 9120058373671<\/li>\n<\/ul>\n<\/li>\n<\/ul>\n","protected":false},"excerpt":{"rendered":"<p>Specifikacija izdelka Te\u017ea: Bruto te\u017ea: 0,79 kg Netto te\u017ea: 0,77 kg Pakiranje: \u0160irina pakiranja: 400 mm Vi\u0161ina pakiranja: 50 mm Dol\u017eina pakiranja: 425 mm Splo\u0161ni podatki: EAN koda: 9120058373671<\/p>\n","protected":false},"featured_media":3118,"template":"","meta":[],"product_brand":[],"product_cat":[1020,1012],"product_tag":[],"class_list":{"0":"post-3117","1":"product","2":"type-product","3":"status-publish","4":"has-post-thumbnail","6":"product_cat-orodja-oprema","7":"product_cat-stroji-za-les","9":"first","10":"instock","11":"shipping-taxable","12":"purchasable","13":"product-type-simple"},"_links":{"self":[{"href":"https:\/\/www.depoles.com\/hr\/wp-json\/wp\/v2\/product\/3117","targetHints":{"allow":["GET"]}}],"collection":[{"href":"https:\/\/www.depoles.com\/hr\/wp-json\/wp\/v2\/product"}],"about":[{"href":"https:\/\/www.depoles.com\/hr\/wp-json\/wp\/v2\/types\/product"}],"wp:featuredmedia":[{"embeddable":true,"href":"https:\/\/www.depoles.com\/hr\/wp-json\/wp\/v2\/media\/3118"}],"wp:attachment":[{"href":"https:\/\/www.depoles.com\/hr\/wp-json\/wp\/v2\/media?parent=3117"}],"wp:term":[{"taxonomy":"product_brand","embeddable":true,"href":"https:\/\/www.depoles.com\/hr\/wp-json\/wp\/v2\/product_brand?post=3117"},{"taxonomy":"product_cat","embeddable":true,"href":"https:\/\/www.depoles.com\/hr\/wp-json\/wp\/v2\/product_cat?post=3117"},{"taxonomy":"product_tag","embeddable":true,"href":"https:\/\/www.depoles.com\/hr\/wp-json\/wp\/v2\/product_tag?post=3117"}],"curies":[{"name":"wp","href":"https:\/\/api.w.org\/{rel}","templated":true}]}}