{"id":3133,"date":"2020-04-08T10:05:39","date_gmt":"2020-04-08T08:05:39","guid":{"rendered":"https:\/\/nova.depoles.com\/trgovina\/tracna-zaga-4230x35x07mm-t-9mm-bsb600b35\/"},"modified":"2025-12-17T23:37:51","modified_gmt":"2025-12-17T22:37:51","slug":"tracna-zaga-4230x35x07mm-t-9mm-bsb600b35","status":"publish","type":"product","link":"https:\/\/www.depoles.com\/hr\/trgovina\/tracna-zaga-4230x35x07mm-t-9mm-bsb600b35\/","title":{"rendered":"Trakna pila 4230x35x0,7mm T 9mm BSB600B35"},"content":{"rendered":"<p><strong>Tehni\u010dni podatki:<\/strong><\/p>\n<ul>\n<li><strong>Te\u017ea:<\/strong>\n<ul>\n<li>Bruto te\u017ea: 0,75 kg<\/li>\n<li>Netto te\u017ea: 0,73 kg<\/li>\n<\/ul>\n<\/li>\n<li><strong>Pakiranje:<\/strong>\n<ul>\n<li>\u0160irina pakiranja: 500 mm<\/li>\n<li>Vi\u0161ina pakiranja: 100 mm<\/li>\n<li>Dol\u017eina pakiranja: 800 mm<\/li>\n<\/ul>\n<\/li>\n<li><strong>Splo\u0161ni podatki:<\/strong>\n<ul>\n<li>EAN koda: 9120058374630<\/li>\n<\/ul>\n<\/li>\n<\/ul>\n","protected":false},"excerpt":{"rendered":"<p>Tehni\u010dni podatki: Te\u017ea: Bruto te\u017ea: 0,75 kg Netto te\u017ea: 0,73 kg Pakiranje: \u0160irina pakiranja: 500 mm Vi\u0161ina pakiranja: 100 mm Dol\u017eina pakiranja: 800 mm Splo\u0161ni podatki: EAN koda: 9120058374630<\/p>\n","protected":false},"featured_media":3134,"template":"","meta":[],"product_brand":[],"product_cat":[1020,1012],"product_tag":[],"class_list":{"0":"post-3133","1":"product","2":"type-product","3":"status-publish","4":"has-post-thumbnail","6":"product_cat-orodja-oprema","7":"product_cat-stroji-za-les","9":"first","10":"instock","11":"shipping-taxable","12":"purchasable","13":"product-type-simple"},"_links":{"self":[{"href":"https:\/\/www.depoles.com\/hr\/wp-json\/wp\/v2\/product\/3133","targetHints":{"allow":["GET"]}}],"collection":[{"href":"https:\/\/www.depoles.com\/hr\/wp-json\/wp\/v2\/product"}],"about":[{"href":"https:\/\/www.depoles.com\/hr\/wp-json\/wp\/v2\/types\/product"}],"wp:featuredmedia":[{"embeddable":true,"href":"https:\/\/www.depoles.com\/hr\/wp-json\/wp\/v2\/media\/3134"}],"wp:attachment":[{"href":"https:\/\/www.depoles.com\/hr\/wp-json\/wp\/v2\/media?parent=3133"}],"wp:term":[{"taxonomy":"product_brand","embeddable":true,"href":"https:\/\/www.depoles.com\/hr\/wp-json\/wp\/v2\/product_brand?post=3133"},{"taxonomy":"product_cat","embeddable":true,"href":"https:\/\/www.depoles.com\/hr\/wp-json\/wp\/v2\/product_cat?post=3133"},{"taxonomy":"product_tag","embeddable":true,"href":"https:\/\/www.depoles.com\/hr\/wp-json\/wp\/v2\/product_tag?post=3133"}],"curies":[{"name":"wp","href":"https:\/\/api.w.org\/{rel}","templated":true}]}}