{"id":3139,"date":"2020-04-08T10:05:34","date_gmt":"2020-04-08T08:05:34","guid":{"rendered":"https:\/\/nova.depoles.com\/trgovina\/list-tracne-zage-5643x35x09mm-t-12-mm-bsb810b35\/"},"modified":"2025-12-17T23:38:10","modified_gmt":"2025-12-17T22:38:10","slug":"list-tracne-zage-5643x35x09mm-t-12-mm-bsb810b35","status":"publish","type":"product","link":"https:\/\/www.depoles.com\/hr\/trgovina\/list-tracne-zage-5643x35x09mm-t-12-mm-bsb810b35\/","title":{"rendered":"List tra\u010dne pile 5643x35x0,9mm T 12 mm BSB810B35"},"content":{"rendered":"<p><strong>Tehni\u010dni podatki<\/strong><\/p>\n<ul>\n<li><strong>Te\u017ea<\/strong>\n<ul>\n<li>Bruto te\u017ea: 1,28 kg<\/li>\n<li>Netto te\u017ea: 1,25 kg<\/li>\n<\/ul>\n<\/li>\n<li><strong>Pakiranje<\/strong>\n<ul>\n<li>Dol\u017eina pakiranja: 800 mm<\/li>\n<li>\u0160irina pakiranja: 500 mm<\/li>\n<li>Vi\u0161ina pakiranja: 100 mm<\/li>\n<\/ul>\n<\/li>\n<li><strong>Splo\u0161ni podatki<\/strong>\n<ul>\n<li>EAN koda: 9120039909851<\/li>\n<\/ul>\n<\/li>\n<\/ul>\n","protected":false},"excerpt":{"rendered":"<p>Tehni\u010dni podatki Te\u017ea Bruto te\u017ea: 1,28 kg Netto te\u017ea: 1,25 kg Pakiranje Dol\u017eina pakiranja: 800 mm \u0160irina pakiranja: 500 mm Vi\u0161ina pakiranja: 100 mm Splo\u0161ni podatki EAN koda: 9120039909851<\/p>\n","protected":false},"featured_media":3140,"template":"","meta":[],"product_brand":[],"product_cat":[1020,1012],"product_tag":[],"class_list":{"0":"post-3139","1":"product","2":"type-product","3":"status-publish","4":"has-post-thumbnail","6":"product_cat-orodja-oprema","7":"product_cat-stroji-za-les","9":"first","10":"instock","11":"shipping-taxable","12":"purchasable","13":"product-type-simple"},"_links":{"self":[{"href":"https:\/\/www.depoles.com\/hr\/wp-json\/wp\/v2\/product\/3139","targetHints":{"allow":["GET"]}}],"collection":[{"href":"https:\/\/www.depoles.com\/hr\/wp-json\/wp\/v2\/product"}],"about":[{"href":"https:\/\/www.depoles.com\/hr\/wp-json\/wp\/v2\/types\/product"}],"wp:featuredmedia":[{"embeddable":true,"href":"https:\/\/www.depoles.com\/hr\/wp-json\/wp\/v2\/media\/3140"}],"wp:attachment":[{"href":"https:\/\/www.depoles.com\/hr\/wp-json\/wp\/v2\/media?parent=3139"}],"wp:term":[{"taxonomy":"product_brand","embeddable":true,"href":"https:\/\/www.depoles.com\/hr\/wp-json\/wp\/v2\/product_brand?post=3139"},{"taxonomy":"product_cat","embeddable":true,"href":"https:\/\/www.depoles.com\/hr\/wp-json\/wp\/v2\/product_cat?post=3139"},{"taxonomy":"product_tag","embeddable":true,"href":"https:\/\/www.depoles.com\/hr\/wp-json\/wp\/v2\/product_tag?post=3139"}],"curies":[{"name":"wp","href":"https:\/\/api.w.org\/{rel}","templated":true}]}}