{"id":3179,"date":"2020-04-08T10:04:59","date_gmt":"2020-04-08T08:04:59","guid":{"rendered":"https:\/\/nova.depoles.com\/trgovina\/list-tracne-zage-40mm-4550x40mm-bsb455040\/"},"modified":"2025-12-17T23:39:44","modified_gmt":"2025-12-17T22:39:44","slug":"list-tracne-zage-40mm-4550x40mm-bsb455040","status":"publish","type":"product","link":"https:\/\/www.depoles.com\/hr\/trgovina\/list-tracne-zage-40mm-4550x40mm-bsb455040\/","title":{"rendered":"List tra\u010dne pile 40mm 4550x40mm BSB455040"},"content":{"rendered":"<p><strong>Tehni\u010dni podatki:<\/strong><\/p>\n<table>\n<tbody>\n<tr>\n<td><strong>Bruto te\u017ea<\/strong><\/td>\n<td>0,80 kg<\/td>\n<\/tr>\n<tr>\n<td><strong>Neto te\u017ea<\/strong><\/td>\n<td>0,60 kg<\/td>\n<\/tr>\n<tr>\n<td><strong>Dol\u017eina embala\u017ee<\/strong><\/td>\n<td>800 mm<\/td>\n<\/tr>\n<tr>\n<td><strong>\u0160irina embala\u017ee<\/strong><\/td>\n<td>500 mm<\/td>\n<\/tr>\n<tr>\n<td><strong>Vi\u0161ina embala\u017ee<\/strong><\/td>\n<td>100 mm<\/td>\n<\/tr>\n<\/tbody>\n<\/table>\n","protected":false},"excerpt":{"rendered":"<p>Tehni\u010dni podatki: Bruto te\u017ea 0,80 kg Neto te\u017ea 0,60 kg Dol\u017eina embala\u017ee 800 mm \u0160irina embala\u017ee 500 mm Vi\u0161ina embala\u017ee 100 mm<\/p>\n","protected":false},"featured_media":3180,"template":"","meta":[],"product_brand":[],"product_cat":[1020,1012],"product_tag":[],"class_list":{"0":"post-3179","1":"product","2":"type-product","3":"status-publish","4":"has-post-thumbnail","6":"product_cat-orodja-oprema","7":"product_cat-stroji-za-les","9":"first","10":"instock","11":"shipping-taxable","12":"purchasable","13":"product-type-simple"},"_links":{"self":[{"href":"https:\/\/www.depoles.com\/hr\/wp-json\/wp\/v2\/product\/3179","targetHints":{"allow":["GET"]}}],"collection":[{"href":"https:\/\/www.depoles.com\/hr\/wp-json\/wp\/v2\/product"}],"about":[{"href":"https:\/\/www.depoles.com\/hr\/wp-json\/wp\/v2\/types\/product"}],"wp:featuredmedia":[{"embeddable":true,"href":"https:\/\/www.depoles.com\/hr\/wp-json\/wp\/v2\/media\/3180"}],"wp:attachment":[{"href":"https:\/\/www.depoles.com\/hr\/wp-json\/wp\/v2\/media?parent=3179"}],"wp:term":[{"taxonomy":"product_brand","embeddable":true,"href":"https:\/\/www.depoles.com\/hr\/wp-json\/wp\/v2\/product_brand?post=3179"},{"taxonomy":"product_cat","embeddable":true,"href":"https:\/\/www.depoles.com\/hr\/wp-json\/wp\/v2\/product_cat?post=3179"},{"taxonomy":"product_tag","embeddable":true,"href":"https:\/\/www.depoles.com\/hr\/wp-json\/wp\/v2\/product_tag?post=3179"}],"curies":[{"name":"wp","href":"https:\/\/api.w.org\/{rel}","templated":true}]}}