{"id":3187,"date":"2020-04-08T10:04:53","date_gmt":"2020-04-08T08:04:53","guid":{"rendered":"https:\/\/nova.depoles.com\/trgovina\/raumer-18-18-195-mm-rm1818195\/"},"modified":"2025-12-17T23:39:56","modified_gmt":"2025-12-17T22:39:56","slug":"raumer-18-18-195-mm-rm1818195","status":"publish","type":"product","link":"https:\/\/www.depoles.com\/hr\/trgovina\/raumer-18-18-195-mm-rm1818195\/","title":{"rendered":"R\u00e4umer 18 * 18 * 1,95 mm RM1818195"},"content":{"rendered":"<p><strong>Specifikacije izdelka<\/strong><\/p>\n<ul>\n<li><strong>Te\u017ea<\/strong>\n<ul>\n<li>Bruto te\u017ea: 0,10 kg<\/li>\n<li>Netto te\u017ea: 0,05 kg<\/li>\n<\/ul>\n<\/li>\n<li><strong>Embala\u017ea<\/strong>\n<ul>\n<li>Dol\u017eina embala\u017ee: 30 mm<\/li>\n<li>\u0160irina embala\u017ee: 30 mm<\/li>\n<li>Vi\u0161ina embala\u017ee: 10 mm<\/li>\n<\/ul>\n<\/li>\n<li><strong>Splo\u0161ni podatki<\/strong>\n<ul>\n<li>EAN koda: 9120058375804<\/li>\n<\/ul>\n<\/li>\n<\/ul>\n","protected":false},"excerpt":{"rendered":"<p>Specifikacije izdelka Te\u017ea Bruto te\u017ea: 0,10 kg Netto te\u017ea: 0,05 kg Embala\u017ea Dol\u017eina embala\u017ee: 30 mm \u0160irina embala\u017ee: 30 mm Vi\u0161ina embala\u017ee: 10 mm Splo\u0161ni podatki EAN koda: 9120058375804<\/p>\n","protected":false},"featured_media":3188,"template":"","meta":[],"product_brand":[],"product_cat":[1020,1012],"product_tag":[],"class_list":{"0":"post-3187","1":"product","2":"type-product","3":"status-publish","4":"has-post-thumbnail","6":"product_cat-orodja-oprema","7":"product_cat-stroji-za-les","9":"first","10":"instock","11":"shipping-taxable","12":"purchasable","13":"product-type-simple"},"_links":{"self":[{"href":"https:\/\/www.depoles.com\/hr\/wp-json\/wp\/v2\/product\/3187","targetHints":{"allow":["GET"]}}],"collection":[{"href":"https:\/\/www.depoles.com\/hr\/wp-json\/wp\/v2\/product"}],"about":[{"href":"https:\/\/www.depoles.com\/hr\/wp-json\/wp\/v2\/types\/product"}],"wp:featuredmedia":[{"embeddable":true,"href":"https:\/\/www.depoles.com\/hr\/wp-json\/wp\/v2\/media\/3188"}],"wp:attachment":[{"href":"https:\/\/www.depoles.com\/hr\/wp-json\/wp\/v2\/media?parent=3187"}],"wp:term":[{"taxonomy":"product_brand","embeddable":true,"href":"https:\/\/www.depoles.com\/hr\/wp-json\/wp\/v2\/product_brand?post=3187"},{"taxonomy":"product_cat","embeddable":true,"href":"https:\/\/www.depoles.com\/hr\/wp-json\/wp\/v2\/product_cat?post=3187"},{"taxonomy":"product_tag","embeddable":true,"href":"https:\/\/www.depoles.com\/hr\/wp-json\/wp\/v2\/product_tag?post=3187"}],"curies":[{"name":"wp","href":"https:\/\/api.w.org\/{rel}","templated":true}]}}