{"id":3235,"date":"2020-04-08T10:04:26","date_gmt":"2020-04-08T08:04:26","guid":{"rendered":"https:\/\/nova.depoles.com\/trgovina\/bit-za-nos-126x25x30-z2-n6000-10000-hsf126-456\/"},"modified":"2025-12-17T23:41:19","modified_gmt":"2025-12-17T22:41:19","slug":"bit-za-nos-126x25x30-z2-n6000-10000-hsf126-456","status":"publish","type":"product","link":"https:\/\/www.depoles.com\/hr\/trgovina\/bit-za-nos-126x25x30-z2-n6000-10000-hsf126-456\/","title":{"rendered":"Bit za nos 126x25x30 Z2 n6000-10000 HSF126 \/ 456"},"content":{"rendered":"<p><strong>Tehni\u010dni podatki:<\/strong><\/p>\n<ul>\n<li><strong>Te\u017ea:<\/strong><\/li>\n<ul>\n<li>Bruto te\u017ea: 1 kg<\/li>\n<li>Netto te\u017ea: 0,80 kg<\/li>\n<\/ul>\n<li><strong>Embala\u017ea:<\/strong><\/li>\n<ul>\n<li>Dol\u017eina embala\u017ee: 130 mm<\/li>\n<li>\u0160irina embala\u017ee: 130 mm<\/li>\n<li>Vi\u0161ina embala\u017ee: 30 mm<\/li>\n<\/ul>\n<\/ul>\n","protected":false},"excerpt":{"rendered":"<p>Tehni\u010dni podatki: Te\u017ea: Bruto te\u017ea: 1 kg Netto te\u017ea: 0,80 kg Embala\u017ea: Dol\u017eina embala\u017ee: 130 mm \u0160irina embala\u017ee: 130 mm Vi\u0161ina embala\u017ee: 30 mm<\/p>\n","protected":false},"featured_media":3236,"template":"","meta":[],"product_brand":[],"product_cat":[1020,1012],"product_tag":[],"class_list":{"0":"post-3235","1":"product","2":"type-product","3":"status-publish","4":"has-post-thumbnail","6":"product_cat-orodja-oprema","7":"product_cat-stroji-za-les","9":"first","10":"instock","11":"shipping-taxable","12":"purchasable","13":"product-type-simple"},"_links":{"self":[{"href":"https:\/\/www.depoles.com\/hr\/wp-json\/wp\/v2\/product\/3235","targetHints":{"allow":["GET"]}}],"collection":[{"href":"https:\/\/www.depoles.com\/hr\/wp-json\/wp\/v2\/product"}],"about":[{"href":"https:\/\/www.depoles.com\/hr\/wp-json\/wp\/v2\/types\/product"}],"wp:featuredmedia":[{"embeddable":true,"href":"https:\/\/www.depoles.com\/hr\/wp-json\/wp\/v2\/media\/3236"}],"wp:attachment":[{"href":"https:\/\/www.depoles.com\/hr\/wp-json\/wp\/v2\/media?parent=3235"}],"wp:term":[{"taxonomy":"product_brand","embeddable":true,"href":"https:\/\/www.depoles.com\/hr\/wp-json\/wp\/v2\/product_brand?post=3235"},{"taxonomy":"product_cat","embeddable":true,"href":"https:\/\/www.depoles.com\/hr\/wp-json\/wp\/v2\/product_cat?post=3235"},{"taxonomy":"product_tag","embeddable":true,"href":"https:\/\/www.depoles.com\/hr\/wp-json\/wp\/v2\/product_tag?post=3235"}],"curies":[{"name":"wp","href":"https:\/\/api.w.org\/{rel}","templated":true}]}}