{"id":3239,"date":"2020-04-08T10:04:24","date_gmt":"2020-04-08T08:04:24","guid":{"rendered":"https:\/\/nova.depoles.com\/trgovina\/rezalna-glava-3-zob-tvf130z2-3z\/"},"modified":"2025-12-17T15:22:16","modified_gmt":"2025-12-17T14:22:16","slug":"rezalna-glava-3-zob-tvf130z2-3z","status":"publish","type":"product","link":"https:\/\/www.depoles.com\/hr\/trgovina\/rezalna-glava-3-zob-tvf130z2-3z\/","title":{"rendered":"Glava glodalice 3 zuba TVF130Z2 \/ 3Z"},"content":{"rendered":"<p><strong>Tehni\u010dni podatki:<\/strong><\/p>\n<table>\n<tr>\n<th>Lastnost<\/th>\n<th>Vrednost<\/th>\n<\/tr>\n<tr>\n<td><strong>Te\u017ea (bruto)<\/strong><\/td>\n<td>1 kg<\/td>\n<\/tr>\n<tr>\n<td><strong>Te\u017ea (neto)<\/strong><\/td>\n<td>0,80 kg<\/td>\n<\/tr>\n<tr>\n<td><strong>Dimenzije pakiranja (dol\u017eina)<\/strong><\/td>\n<td>140 mm<\/td>\n<\/tr>\n<tr>\n<td><strong>Dimenzije pakiranja (\u0161irina)<\/strong><\/td>\n<td>140 mm<\/td>\n<\/tr>\n<tr>\n<td><strong>Dimenzije pakiranja (vi\u0161ina)<\/strong><\/td>\n<td>40 mm<\/td>\n<\/tr>\n<tr>\n<td><strong>EAN koda<\/strong><\/td>\n<td>9120039908731<\/td>\n<\/tr>\n<\/table>\n","protected":false},"excerpt":{"rendered":"<p>Tehni\u010dni podatki: Lastnost Vrednost Te\u017ea (bruto) 1 kg Te\u017ea (neto) 0,80 kg Dimenzije pakiranja (dol\u017eina) 140 mm Dimenzije pakiranja (\u0161irina) 140 mm Dimenzije pakiranja (vi\u0161ina) 40 mm EAN koda 9120039908731<\/p>\n","protected":false},"featured_media":3240,"template":"","meta":[],"product_brand":[],"product_cat":[1020,1012],"product_tag":[],"class_list":{"0":"post-3239","1":"product","2":"type-product","3":"status-publish","4":"has-post-thumbnail","6":"product_cat-orodja-oprema","7":"product_cat-stroji-za-les","9":"first","10":"instock","11":"shipping-taxable","12":"purchasable","13":"product-type-simple"},"_links":{"self":[{"href":"https:\/\/www.depoles.com\/hr\/wp-json\/wp\/v2\/product\/3239","targetHints":{"allow":["GET"]}}],"collection":[{"href":"https:\/\/www.depoles.com\/hr\/wp-json\/wp\/v2\/product"}],"about":[{"href":"https:\/\/www.depoles.com\/hr\/wp-json\/wp\/v2\/types\/product"}],"wp:featuredmedia":[{"embeddable":true,"href":"https:\/\/www.depoles.com\/hr\/wp-json\/wp\/v2\/media\/3240"}],"wp:attachment":[{"href":"https:\/\/www.depoles.com\/hr\/wp-json\/wp\/v2\/media?parent=3239"}],"wp:term":[{"taxonomy":"product_brand","embeddable":true,"href":"https:\/\/www.depoles.com\/hr\/wp-json\/wp\/v2\/product_brand?post=3239"},{"taxonomy":"product_cat","embeddable":true,"href":"https:\/\/www.depoles.com\/hr\/wp-json\/wp\/v2\/product_cat?post=3239"},{"taxonomy":"product_tag","embeddable":true,"href":"https:\/\/www.depoles.com\/hr\/wp-json\/wp\/v2\/product_tag?post=3239"}],"curies":[{"name":"wp","href":"https:\/\/api.w.org\/{rel}","templated":true}]}}