{"id":3241,"date":"2020-04-08T10:04:22","date_gmt":"2020-04-08T08:04:22","guid":{"rendered":"https:\/\/nova.depoles.com\/trgovina\/brusni-valj-o80mm-80x100x30mm-spg-80mm-slw80\/"},"modified":"2025-12-17T23:41:26","modified_gmt":"2025-12-17T22:41:26","slug":"brusni-valj-o80mm-80x100x30mm-spg-80mm-slw80","status":"publish","type":"product","link":"https:\/\/www.depoles.com\/hr\/trgovina\/brusni-valj-o80mm-80x100x30mm-spg-80mm-slw80\/","title":{"rendered":"Brusni valjak \u00d880mm 80x100x30mm SPG 80mm SLW80"},"content":{"rendered":"<p><strong>Tehni\u010dni podatki:<\/strong><\/p>\n<ul>\n<li><strong>Te\u017ea:<\/strong>\n<ul>\n<li>Bruto te\u017ea: 1 kg<\/li>\n<li>Netto te\u017ea: 0,80 kg<\/li>\n<\/ul>\n<\/li>\n<li><strong>Pakiranje:<\/strong>\n<ul>\n<li>Dol\u017eina pakiranja: 140 mm<\/li>\n<li>\u0160irina pakiranja: 80 mm<\/li>\n<li>Vi\u0161ina pakiranja: 90 mm<\/li>\n<\/ul>\n<\/li>\n<li><strong>Splo\u0161ni podatki:<\/strong>\n<ul>\n<li>EAN koda: 9120039906034<\/li>\n<\/ul>\n<\/li>\n<\/ul>\n","protected":false},"excerpt":{"rendered":"<p>Tehni\u010dni podatki: Te\u017ea: Bruto te\u017ea: 1 kg Netto te\u017ea: 0,80 kg Pakiranje: Dol\u017eina pakiranja: 140 mm \u0160irina pakiranja: 80 mm Vi\u0161ina pakiranja: 90 mm Splo\u0161ni podatki: EAN koda: 9120039906034<\/p>\n","protected":false},"featured_media":3242,"template":"","meta":[],"product_brand":[],"product_cat":[1020,1012],"product_tag":[],"class_list":{"0":"post-3241","1":"product","2":"type-product","3":"status-publish","4":"has-post-thumbnail","6":"product_cat-orodja-oprema","7":"product_cat-stroji-za-les","9":"first","10":"instock","11":"shipping-taxable","12":"purchasable","13":"product-type-simple"},"_links":{"self":[{"href":"https:\/\/www.depoles.com\/hr\/wp-json\/wp\/v2\/product\/3241","targetHints":{"allow":["GET"]}}],"collection":[{"href":"https:\/\/www.depoles.com\/hr\/wp-json\/wp\/v2\/product"}],"about":[{"href":"https:\/\/www.depoles.com\/hr\/wp-json\/wp\/v2\/types\/product"}],"wp:featuredmedia":[{"embeddable":true,"href":"https:\/\/www.depoles.com\/hr\/wp-json\/wp\/v2\/media\/3242"}],"wp:attachment":[{"href":"https:\/\/www.depoles.com\/hr\/wp-json\/wp\/v2\/media?parent=3241"}],"wp:term":[{"taxonomy":"product_brand","embeddable":true,"href":"https:\/\/www.depoles.com\/hr\/wp-json\/wp\/v2\/product_brand?post=3241"},{"taxonomy":"product_cat","embeddable":true,"href":"https:\/\/www.depoles.com\/hr\/wp-json\/wp\/v2\/product_cat?post=3241"},{"taxonomy":"product_tag","embeddable":true,"href":"https:\/\/www.depoles.com\/hr\/wp-json\/wp\/v2\/product_tag?post=3241"}],"curies":[{"name":"wp","href":"https:\/\/api.w.org\/{rel}","templated":true}]}}