{"id":3256,"date":"2020-04-08T10:04:10","date_gmt":"2020-04-08T08:04:10","guid":{"rendered":"https:\/\/nova.depoles.com\/trgovina\/polkrog-polmera-noza-10-mm-hsf134-r10\/"},"modified":"2025-12-17T23:41:49","modified_gmt":"2025-12-17T22:41:49","slug":"polkrog-polmera-noza-10-mm-hsf134-r10","status":"publish","type":"product","link":"https:\/\/www.depoles.com\/hr\/trgovina\/polkrog-polmera-noza-10-mm-hsf134-r10\/","title":{"rendered":"Polukrug polumjera no\u017ea 10 mm HSF134 \/ R10"},"content":{"rendered":"<p><strong>Tehni\u010dni podatki:<\/strong><\/p>\n<ul>\n<li><strong>Bruto te\u017ea:<\/strong> 0,20 kg<\/li>\n<li><strong>Netto te\u017ea:<\/strong> 0,10 kg<\/li>\n<li><strong>Dimenzije embala\u017ee:<\/strong><\/li>\n<ul>\n<li>Dol\u017eina: 150 mm<\/li>\n<li>\u0160irina: 150 mm<\/li>\n<li>Vi\u0161ina: 20 mm<\/li>\n<\/ul>\n<\/ul>\n","protected":false},"excerpt":{"rendered":"<p>Tehni\u010dni podatki: Bruto te\u017ea: 0,20 kg Netto te\u017ea: 0,10 kg Dimenzije embala\u017ee: Dol\u017eina: 150 mm \u0160irina: 150 mm Vi\u0161ina: 20 mm<\/p>\n","protected":false},"featured_media":3257,"template":"","meta":[],"product_brand":[],"product_cat":[1020,1012],"product_tag":[],"class_list":{"0":"post-3256","1":"product","2":"type-product","3":"status-publish","4":"has-post-thumbnail","6":"product_cat-orodja-oprema","7":"product_cat-stroji-za-les","9":"first","10":"instock","11":"shipping-taxable","12":"purchasable","13":"product-type-simple"},"_links":{"self":[{"href":"https:\/\/www.depoles.com\/hr\/wp-json\/wp\/v2\/product\/3256","targetHints":{"allow":["GET"]}}],"collection":[{"href":"https:\/\/www.depoles.com\/hr\/wp-json\/wp\/v2\/product"}],"about":[{"href":"https:\/\/www.depoles.com\/hr\/wp-json\/wp\/v2\/types\/product"}],"wp:featuredmedia":[{"embeddable":true,"href":"https:\/\/www.depoles.com\/hr\/wp-json\/wp\/v2\/media\/3257"}],"wp:attachment":[{"href":"https:\/\/www.depoles.com\/hr\/wp-json\/wp\/v2\/media?parent=3256"}],"wp:term":[{"taxonomy":"product_brand","embeddable":true,"href":"https:\/\/www.depoles.com\/hr\/wp-json\/wp\/v2\/product_brand?post=3256"},{"taxonomy":"product_cat","embeddable":true,"href":"https:\/\/www.depoles.com\/hr\/wp-json\/wp\/v2\/product_cat?post=3256"},{"taxonomy":"product_tag","embeddable":true,"href":"https:\/\/www.depoles.com\/hr\/wp-json\/wp\/v2\/product_tag?post=3256"}],"curies":[{"name":"wp","href":"https:\/\/api.w.org\/{rel}","templated":true}]}}