{"id":3260,"date":"2020-04-08T10:04:07","date_gmt":"2020-04-08T08:04:07","guid":{"rendered":"https:\/\/nova.depoles.com\/trgovina\/nastavljiv-rezalnik-za-zlebove-vn160-2-14-28\/"},"modified":"2025-12-17T15:22:35","modified_gmt":"2025-12-17T14:22:35","slug":"nastavljiv-rezalnik-za-zlebove-vn160-2-14-28","status":"publish","type":"product","link":"https:\/\/www.depoles.com\/hr\/trgovina\/nastavljiv-rezalnik-za-zlebove-vn160-2-14-28\/","title":{"rendered":"Glava za glodalicu podesiva VN160-2 (14-28)"},"content":{"rendered":"<p><strong>Tehni\u010dni podatki:<\/strong><\/p>\n<ul>\n<li><strong>Te\u017ea:<\/strong>\n<ul>\n<li>Bruto te\u017ea: 2 kg<\/li>\n<li>Net te\u017ea: 1,50 kg<\/li>\n<\/ul>\n<\/li>\n<li><strong>Embala\u017ea:<\/strong>\n<ul>\n<li>Dol\u017eina embala\u017ee: 170 mm<\/li>\n<li>\u0160irina embala\u017ee: 170 mm<\/li>\n<li>Vi\u0161ina embala\u017ee: 100 mm<\/li>\n<\/ul>\n<\/li>\n<li><strong>Splo\u0161ni podatki:<\/strong>\n<ul>\n<li>EAN koda: 9120039908151<\/li>\n<\/ul>\n<\/li>\n<\/ul>\n","protected":false},"excerpt":{"rendered":"<p>Tehni\u010dni podatki: Te\u017ea: Bruto te\u017ea: 2 kg Net te\u017ea: 1,50 kg Embala\u017ea: Dol\u017eina embala\u017ee: 170 mm \u0160irina embala\u017ee: 170 mm Vi\u0161ina embala\u017ee: 100 mm Splo\u0161ni podatki: EAN koda: 9120039908151<\/p>\n","protected":false},"featured_media":3261,"template":"","meta":[],"product_brand":[],"product_cat":[1020,1012],"product_tag":[],"class_list":{"0":"post-3260","1":"product","2":"type-product","3":"status-publish","4":"has-post-thumbnail","6":"product_cat-orodja-oprema","7":"product_cat-stroji-za-les","9":"first","10":"instock","11":"shipping-taxable","12":"purchasable","13":"product-type-simple"},"_links":{"self":[{"href":"https:\/\/www.depoles.com\/hr\/wp-json\/wp\/v2\/product\/3260","targetHints":{"allow":["GET"]}}],"collection":[{"href":"https:\/\/www.depoles.com\/hr\/wp-json\/wp\/v2\/product"}],"about":[{"href":"https:\/\/www.depoles.com\/hr\/wp-json\/wp\/v2\/types\/product"}],"wp:featuredmedia":[{"embeddable":true,"href":"https:\/\/www.depoles.com\/hr\/wp-json\/wp\/v2\/media\/3261"}],"wp:attachment":[{"href":"https:\/\/www.depoles.com\/hr\/wp-json\/wp\/v2\/media?parent=3260"}],"wp:term":[{"taxonomy":"product_brand","embeddable":true,"href":"https:\/\/www.depoles.com\/hr\/wp-json\/wp\/v2\/product_brand?post=3260"},{"taxonomy":"product_cat","embeddable":true,"href":"https:\/\/www.depoles.com\/hr\/wp-json\/wp\/v2\/product_cat?post=3260"},{"taxonomy":"product_tag","embeddable":true,"href":"https:\/\/www.depoles.com\/hr\/wp-json\/wp\/v2\/product_tag?post=3260"}],"curies":[{"name":"wp","href":"https:\/\/api.w.org\/{rel}","templated":true}]}}