{"id":3268,"date":"2020-04-08T10:03:59","date_gmt":"2020-04-08T08:03:59","guid":{"rendered":"https:\/\/nova.depoles.com\/trgovina\/rezalnik-profila-180x25x30-z2-n4200-7000-apf180\/"},"modified":"2025-12-17T23:41:53","modified_gmt":"2025-12-17T22:41:53","slug":"rezalnik-profila-180x25x30-z2-n4200-7000-apf180","status":"publish","type":"product","link":"https:\/\/www.depoles.com\/hr\/trgovina\/rezalnik-profila-180x25x30-z2-n4200-7000-apf180\/","title":{"rendered":"Reza\u010d profila 180x25x30 Z2 n4200-7000 APF180"},"content":{"rendered":"<p><strong>Specifikacija izdelka<\/strong><\/p>\n<ul>\n<li><strong>Te\u017ea<\/strong>\n<ul>\n<li>Bruto te\u017ea: 2 kg<\/li>\n<li>Netto te\u017ea: 1,50 kg<\/li>\n<\/ul>\n<\/li>\n<li><strong>Embal\u017ea<\/strong>\n<ul>\n<li>Dol\u017eina embala\u017ee: 200 mm<\/li>\n<li>\u0160irina embala\u017ee: 200 mm<\/li>\n<li>Vi\u0161ina embala\u017ee: 100 mm<\/li>\n<\/ul>\n<\/li>\n<li><strong>Splo\u0161ni podatki<\/strong>\n<ul>\n<li>EAN koda: 9120039907093<\/li>\n<\/ul>\n<\/li>\n<\/ul>\n","protected":false},"excerpt":{"rendered":"<p>Specifikacija izdelka Te\u017ea Bruto te\u017ea: 2 kg Netto te\u017ea: 1,50 kg Embal\u017ea Dol\u017eina embala\u017ee: 200 mm \u0160irina embala\u017ee: 200 mm Vi\u0161ina embala\u017ee: 100 mm Splo\u0161ni podatki EAN koda: 9120039907093<\/p>\n","protected":false},"featured_media":3269,"template":"","meta":[],"product_brand":[],"product_cat":[1020,1012],"product_tag":[],"class_list":{"0":"post-3268","1":"product","2":"type-product","3":"status-publish","4":"has-post-thumbnail","6":"product_cat-orodja-oprema","7":"product_cat-stroji-za-les","9":"first","10":"instock","11":"shipping-taxable","12":"purchasable","13":"product-type-simple"},"_links":{"self":[{"href":"https:\/\/www.depoles.com\/hr\/wp-json\/wp\/v2\/product\/3268","targetHints":{"allow":["GET"]}}],"collection":[{"href":"https:\/\/www.depoles.com\/hr\/wp-json\/wp\/v2\/product"}],"about":[{"href":"https:\/\/www.depoles.com\/hr\/wp-json\/wp\/v2\/types\/product"}],"wp:featuredmedia":[{"embeddable":true,"href":"https:\/\/www.depoles.com\/hr\/wp-json\/wp\/v2\/media\/3269"}],"wp:attachment":[{"href":"https:\/\/www.depoles.com\/hr\/wp-json\/wp\/v2\/media?parent=3268"}],"wp:term":[{"taxonomy":"product_brand","embeddable":true,"href":"https:\/\/www.depoles.com\/hr\/wp-json\/wp\/v2\/product_brand?post=3268"},{"taxonomy":"product_cat","embeddable":true,"href":"https:\/\/www.depoles.com\/hr\/wp-json\/wp\/v2\/product_cat?post=3268"},{"taxonomy":"product_tag","embeddable":true,"href":"https:\/\/www.depoles.com\/hr\/wp-json\/wp\/v2\/product_tag?post=3268"}],"curies":[{"name":"wp","href":"https:\/\/api.w.org\/{rel}","templated":true}]}}