{"id":3282,"date":"2020-04-08T10:03:45","date_gmt":"2020-04-08T08:03:45","guid":{"rendered":"https:\/\/nova.depoles.com\/trgovina\/odsesovalna-cev-o-120mm-4m-abs-120-mm-4m\/"},"modified":"2026-02-12T13:56:59","modified_gmt":"2026-02-12T12:56:59","slug":"odsesovalna-cev-o-120mm-4m-abs-120-mm-4m","status":"publish","type":"product","link":"https:\/\/www.depoles.com\/hr\/trgovina\/odsesovalna-cev-o-120mm-4m-abs-120-mm-4m\/","title":{"rendered":"USISNA CIJEV \u00d8 120mm 4m ABS 120 MM 4M"},"content":{"rendered":"<p><strong>Tehni\u010dni podatki<\/strong><\/p>\n<table>\n<tbody>\n<tr>\n<th colspan=\"2\" style=\"text-align:left\">Te\u017ea<\/th>\n<\/tr>\n<tr>\n<td>Bruto te\u017ea (kg)<\/td>\n<td>2,52<\/td>\n<\/tr>\n<tr>\n<td>Netto te\u017ea (kg)<\/td>\n<td>2,44<\/td>\n<\/tr>\n<tr>\n<th colspan=\"2\" style=\"text-align:left\">Embala\u017ea<\/th>\n<\/tr>\n<tr>\n<td>Dol\u017eina embala\u017ee (mm)<\/td>\n<td>1.100<\/td>\n<\/tr>\n<tr>\n<td>\u0160irina embala\u017ee (mm)<\/td>\n<td>130<\/td>\n<\/tr>\n<tr>\n<td>Vi\u0161ina embala\u017ee (mm)<\/td>\n<td>130<\/td>\n<\/tr>\n<tr>\n<th colspan=\"2\" style=\"text-align:left\">Splo\u0161ni podatki<\/th>\n<\/tr>\n<tr>\n<td>EAN koda<\/td>\n<td>9120039905310<\/td>\n<\/tr>\n<\/tbody>\n<\/table>\n","protected":false},"excerpt":{"rendered":"<p>Tehni\u010dni podatki Te\u017ea Bruto te\u017ea (kg) 2,52 Netto te\u017ea (kg) 2,44 Embala\u017ea Dol\u017eina embala\u017ee (mm) 1.100 \u0160irina embala\u017ee (mm) 130 Vi\u0161ina embala\u017ee (mm) 130 Splo\u0161ni podatki EAN koda 9120039905310<\/p>\n","protected":false},"featured_media":3283,"template":"","meta":[],"product_brand":[],"product_cat":[1020,1035,1012],"product_tag":[181,268,314,441,605,738],"class_list":{"0":"post-3282","1":"product","2":"type-product","3":"status-publish","4":"has-post-thumbnail","6":"product_cat-orodja-oprema","7":"product_cat-sesalci","8":"product_cat-stroji-za-les","9":"product_tag-abs120","10":"product_tag-cev","11":"product_tag-depoles","12":"product_tag-holzmann","13":"product_tag-odsesovalna","14":"product_tag-sesalna","16":"first","17":"instock","18":"shipping-taxable","19":"purchasable","20":"product-type-simple"},"_links":{"self":[{"href":"https:\/\/www.depoles.com\/hr\/wp-json\/wp\/v2\/product\/3282","targetHints":{"allow":["GET"]}}],"collection":[{"href":"https:\/\/www.depoles.com\/hr\/wp-json\/wp\/v2\/product"}],"about":[{"href":"https:\/\/www.depoles.com\/hr\/wp-json\/wp\/v2\/types\/product"}],"wp:featuredmedia":[{"embeddable":true,"href":"https:\/\/www.depoles.com\/hr\/wp-json\/wp\/v2\/media\/3283"}],"wp:attachment":[{"href":"https:\/\/www.depoles.com\/hr\/wp-json\/wp\/v2\/media?parent=3282"}],"wp:term":[{"taxonomy":"product_brand","embeddable":true,"href":"https:\/\/www.depoles.com\/hr\/wp-json\/wp\/v2\/product_brand?post=3282"},{"taxonomy":"product_cat","embeddable":true,"href":"https:\/\/www.depoles.com\/hr\/wp-json\/wp\/v2\/product_cat?post=3282"},{"taxonomy":"product_tag","embeddable":true,"href":"https:\/\/www.depoles.com\/hr\/wp-json\/wp\/v2\/product_tag?post=3282"}],"curies":[{"name":"wp","href":"https:\/\/api.w.org\/{rel}","templated":true}]}}