{"id":3284,"date":"2020-04-08T10:03:43","date_gmt":"2020-04-08T08:03:43","guid":{"rendered":"https:\/\/nova.depoles.com\/trgovina\/odsesovalna-cev-o-100-mm-4m-abs100mm-4m\/"},"modified":"2026-03-06T14:00:57","modified_gmt":"2026-03-06T13:00:57","slug":"odsesovalna-cev-o-100-mm-4m-abs100mm-4m","status":"publish","type":"product","link":"https:\/\/www.depoles.com\/hr\/trgovina\/odsesovalna-cev-o-100-mm-4m-abs100mm-4m\/","title":{"rendered":"USISNA CIJEV \u00d8 100 mm 4m ABS100MM 4M"},"content":{"rendered":"<p><strong>Tehni\u010dne specifikacije:<\/strong><\/p>\n<table>\n<tbody>\n<tr>\n<th colspan=\"2\">Te\u017ea<\/th>\n<\/tr>\n<tr>\n<td>Bruto te\u017ea (kg)<\/td>\n<td>2,08<\/td>\n<\/tr>\n<tr>\n<td>Neto te\u017ea (kg)<\/td>\n<td>2,04<\/td>\n<\/tr>\n<tr>\n<th colspan=\"2\">Embala\u017ea<\/th>\n<\/tr>\n<tr>\n<td>Dol\u017eina embala\u017ee (mm)<\/td>\n<td>1100<\/td>\n<\/tr>\n<tr>\n<td>\u0160irina embala\u017ee (mm)<\/td>\n<td>110<\/td>\n<\/tr>\n<tr>\n<td>Vi\u0161ina embala\u017ee (mm)<\/td>\n<td>110<\/td>\n<\/tr>\n<tr>\n<th colspan=\"2\">Splo\u0161ni podatki<\/th>\n<\/tr>\n<tr>\n<td>EAN koda<\/td>\n<td>9120039905303<\/td>\n<\/tr>\n<\/tbody>\n<\/table>\n","protected":false},"excerpt":{"rendered":"<p>Tehni\u010dne specifikacije: Te\u017ea Bruto te\u017ea (kg) 2,08 Neto te\u017ea (kg) 2,04 Embala\u017ea Dol\u017eina embala\u017ee (mm) 1100 \u0160irina embala\u017ee (mm) 110 Vi\u0161ina embala\u017ee (mm) 110 Splo\u0161ni podatki EAN koda 9120039905303<\/p>\n","protected":false},"featured_media":3285,"template":"","meta":[],"product_brand":[],"product_cat":[1020,1012],"product_tag":[268,605],"class_list":{"0":"post-3284","1":"product","2":"type-product","3":"status-publish","4":"has-post-thumbnail","6":"product_cat-orodja-oprema","7":"product_cat-stroji-za-les","8":"product_tag-cev","9":"product_tag-odsesovalna","11":"first","12":"instock","13":"shipping-taxable","14":"purchasable","15":"product-type-simple"},"_links":{"self":[{"href":"https:\/\/www.depoles.com\/hr\/wp-json\/wp\/v2\/product\/3284","targetHints":{"allow":["GET"]}}],"collection":[{"href":"https:\/\/www.depoles.com\/hr\/wp-json\/wp\/v2\/product"}],"about":[{"href":"https:\/\/www.depoles.com\/hr\/wp-json\/wp\/v2\/types\/product"}],"wp:featuredmedia":[{"embeddable":true,"href":"https:\/\/www.depoles.com\/hr\/wp-json\/wp\/v2\/media\/3285"}],"wp:attachment":[{"href":"https:\/\/www.depoles.com\/hr\/wp-json\/wp\/v2\/media?parent=3284"}],"wp:term":[{"taxonomy":"product_brand","embeddable":true,"href":"https:\/\/www.depoles.com\/hr\/wp-json\/wp\/v2\/product_brand?post=3284"},{"taxonomy":"product_cat","embeddable":true,"href":"https:\/\/www.depoles.com\/hr\/wp-json\/wp\/v2\/product_cat?post=3284"},{"taxonomy":"product_tag","embeddable":true,"href":"https:\/\/www.depoles.com\/hr\/wp-json\/wp\/v2\/product_tag?post=3284"}],"curies":[{"name":"wp","href":"https:\/\/api.w.org\/{rel}","templated":true}]}}