{"id":3296,"date":"2020-04-08T10:03:33","date_gmt":"2020-04-08T08:03:33","guid":{"rendered":"https:\/\/nova.depoles.com\/trgovina\/odsesovalna-cev-o-100-mm-10m-abs100mm_10lfm\/"},"modified":"2026-03-06T14:00:57","modified_gmt":"2026-03-06T13:00:57","slug":"odsesovalna-cev-o-100-mm-10m-abs100mm_10lfm","status":"publish","type":"product","link":"https:\/\/www.depoles.com\/hr\/trgovina\/odsesovalna-cev-o-100-mm-10m-abs100mm_10lfm\/","title":{"rendered":"Odsesna cijev \u00d8 100 mm 10m ABS100MM_10LFM"},"content":{"rendered":"<p><strong>Tehni\u010dni podatki<\/strong><\/p>\n<ul>\n<li><strong>Te\u017ea<\/strong>\n<ul>\n<li>Bruto te\u017ea: 5,20 kg<\/li>\n<li>Netto te\u017ea: 5,10 kg<\/li>\n<\/ul>\n<\/li>\n<li><strong>Pakiranje<\/strong>\n<ul>\n<li>Dol\u017eina pakiranja: 2000 mm<\/li>\n<li>\u0160irina pakiranja: 110 mm<\/li>\n<li>Vi\u0161ina pakiranja: 110 mm<\/li>\n<\/ul>\n<\/li>\n<li><strong>Splo\u0161ni podatki<\/strong>\n<ul>\n<li>EAN koda: 9120039902944<\/li>\n<\/ul>\n<\/li>\n<\/ul>\n","protected":false},"excerpt":{"rendered":"<p>Tehni\u010dni podatki Te\u017ea Bruto te\u017ea: 5,20 kg Netto te\u017ea: 5,10 kg Pakiranje Dol\u017eina pakiranja: 2000 mm \u0160irina pakiranja: 110 mm Vi\u0161ina pakiranja: 110 mm Splo\u0161ni podatki EAN koda: 9120039902944<\/p>\n","protected":false},"featured_media":3297,"template":"","meta":[],"product_brand":[],"product_cat":[1020,1035,1012],"product_tag":[],"class_list":{"0":"post-3296","1":"product","2":"type-product","3":"status-publish","4":"has-post-thumbnail","6":"product_cat-orodja-oprema","7":"product_cat-sesalci","8":"product_cat-stroji-za-les","10":"first","11":"instock","12":"shipping-taxable","13":"purchasable","14":"product-type-simple"},"_links":{"self":[{"href":"https:\/\/www.depoles.com\/hr\/wp-json\/wp\/v2\/product\/3296","targetHints":{"allow":["GET"]}}],"collection":[{"href":"https:\/\/www.depoles.com\/hr\/wp-json\/wp\/v2\/product"}],"about":[{"href":"https:\/\/www.depoles.com\/hr\/wp-json\/wp\/v2\/types\/product"}],"wp:featuredmedia":[{"embeddable":true,"href":"https:\/\/www.depoles.com\/hr\/wp-json\/wp\/v2\/media\/3297"}],"wp:attachment":[{"href":"https:\/\/www.depoles.com\/hr\/wp-json\/wp\/v2\/media?parent=3296"}],"wp:term":[{"taxonomy":"product_brand","embeddable":true,"href":"https:\/\/www.depoles.com\/hr\/wp-json\/wp\/v2\/product_brand?post=3296"},{"taxonomy":"product_cat","embeddable":true,"href":"https:\/\/www.depoles.com\/hr\/wp-json\/wp\/v2\/product_cat?post=3296"},{"taxonomy":"product_tag","embeddable":true,"href":"https:\/\/www.depoles.com\/hr\/wp-json\/wp\/v2\/product_tag?post=3296"}],"curies":[{"name":"wp","href":"https:\/\/api.w.org\/{rel}","templated":true}]}}