{"id":3298,"date":"2020-04-08T10:03:32","date_gmt":"2020-04-08T08:03:32","guid":{"rendered":"https:\/\/nova.depoles.com\/trgovina\/objemka-za-cev-o-60-mm-skl60\/"},"modified":"2025-12-17T23:42:14","modified_gmt":"2025-12-17T22:42:14","slug":"objemka-za-cev-o-60-mm-skl60","status":"publish","type":"product","link":"https:\/\/www.depoles.com\/hr\/trgovina\/objemka-za-cev-o-60-mm-skl60\/","title":{"rendered":"Stezaljka za cijev \u00d8 60 mm SKL60"},"content":{"rendered":"<p><strong>Tehni\u010dni podatki<\/strong><\/p>\n<ul>\n<li><strong>Te\u017ea<\/strong>\n<ul>\n<li>Bruto te\u017ea: 0,10 kg<\/li>\n<li>Netto te\u017ea: 0,03 kg<\/li>\n<\/ul>\n<\/li>\n<li><strong>Embala\u017ea<\/strong>\n<ul>\n<li>Dol\u017eina embala\u017ee: 83 mm<\/li>\n<li>\u0160irina embala\u017ee: 75 mm<\/li>\n<li>Vi\u0161ina embala\u017ee: 12 mm<\/li>\n<\/ul>\n<\/li>\n<li><strong>Splo\u0161ni podatki<\/strong>\n<ul>\n<li>EAN koda: 9120058374470<\/li>\n<\/ul>\n<\/li>\n<\/ul>\n","protected":false},"excerpt":{"rendered":"<p>Tehni\u010dni podatki Te\u017ea Bruto te\u017ea: 0,10 kg Netto te\u017ea: 0,03 kg Embala\u017ea Dol\u017eina embala\u017ee: 83 mm \u0160irina embala\u017ee: 75 mm Vi\u0161ina embala\u017ee: 12 mm Splo\u0161ni podatki EAN koda: 9120058374470<\/p>\n","protected":false},"featured_media":3299,"template":"","meta":[],"product_brand":[],"product_cat":[1020,1012],"product_tag":[],"class_list":{"0":"post-3298","1":"product","2":"type-product","3":"status-publish","4":"has-post-thumbnail","6":"product_cat-orodja-oprema","7":"product_cat-stroji-za-les","9":"first","10":"instock","11":"shipping-taxable","12":"purchasable","13":"product-type-simple"},"_links":{"self":[{"href":"https:\/\/www.depoles.com\/hr\/wp-json\/wp\/v2\/product\/3298","targetHints":{"allow":["GET"]}}],"collection":[{"href":"https:\/\/www.depoles.com\/hr\/wp-json\/wp\/v2\/product"}],"about":[{"href":"https:\/\/www.depoles.com\/hr\/wp-json\/wp\/v2\/types\/product"}],"wp:featuredmedia":[{"embeddable":true,"href":"https:\/\/www.depoles.com\/hr\/wp-json\/wp\/v2\/media\/3299"}],"wp:attachment":[{"href":"https:\/\/www.depoles.com\/hr\/wp-json\/wp\/v2\/media?parent=3298"}],"wp:term":[{"taxonomy":"product_brand","embeddable":true,"href":"https:\/\/www.depoles.com\/hr\/wp-json\/wp\/v2\/product_brand?post=3298"},{"taxonomy":"product_cat","embeddable":true,"href":"https:\/\/www.depoles.com\/hr\/wp-json\/wp\/v2\/product_cat?post=3298"},{"taxonomy":"product_tag","embeddable":true,"href":"https:\/\/www.depoles.com\/hr\/wp-json\/wp\/v2\/product_tag?post=3298"}],"curies":[{"name":"wp","href":"https:\/\/api.w.org\/{rel}","templated":true}]}}