{"id":3330,"date":"2020-04-08T10:03:05","date_gmt":"2020-04-08T08:03:05","guid":{"rendered":"https:\/\/nova.depoles.com\/trgovina\/reduktor-red150120\/"},"modified":"2025-12-17T23:42:59","modified_gmt":"2025-12-17T22:42:59","slug":"reduktor-red150120","status":"publish","type":"product","link":"https:\/\/www.depoles.com\/hr\/trgovina\/reduktor-red150120\/","title":{"rendered":"Reduktor RED150120"},"content":{"rendered":"<p><strong>Tehni\u010dni podatki<\/strong><\/p>\n<ul>\n<li><strong>Te\u017ea<\/strong>\n<ul>\n<li>Bruto te\u017ea: 0,50 kg<\/li>\n<li>Netto te\u017ea: 0,40 kg<\/li>\n<\/ul>\n<\/li>\n<li><strong>Embala\u017ea<\/strong>\n<ul>\n<li>Dol\u017eina embala\u017ee: 150 mm<\/li>\n<li>\u0160irina embala\u017ee: 148 mm<\/li>\n<li>Vi\u0161ina embala\u017ee: 148 mm<\/li>\n<\/ul>\n<\/li>\n<li><strong>Splo\u0161ni podatki<\/strong>\n<ul>\n<li>EAN koda: 9120058374463<\/li>\n<\/ul>\n<\/li>\n<\/ul>\n","protected":false},"excerpt":{"rendered":"<p>Tehni\u010dni podatki Te\u017ea Bruto te\u017ea: 0,50 kg Netto te\u017ea: 0,40 kg Embala\u017ea Dol\u017eina embala\u017ee: 150 mm \u0160irina embala\u017ee: 148 mm Vi\u0161ina embala\u017ee: 148 mm Splo\u0161ni podatki EAN koda: 9120058374463<\/p>\n","protected":false},"featured_media":3331,"template":"","meta":[],"product_brand":[],"product_cat":[1020,1012],"product_tag":[],"class_list":{"0":"post-3330","1":"product","2":"type-product","3":"status-publish","4":"has-post-thumbnail","6":"product_cat-orodja-oprema","7":"product_cat-stroji-za-les","9":"first","10":"instock","11":"shipping-taxable","12":"purchasable","13":"product-type-simple"},"_links":{"self":[{"href":"https:\/\/www.depoles.com\/hr\/wp-json\/wp\/v2\/product\/3330","targetHints":{"allow":["GET"]}}],"collection":[{"href":"https:\/\/www.depoles.com\/hr\/wp-json\/wp\/v2\/product"}],"about":[{"href":"https:\/\/www.depoles.com\/hr\/wp-json\/wp\/v2\/types\/product"}],"wp:featuredmedia":[{"embeddable":true,"href":"https:\/\/www.depoles.com\/hr\/wp-json\/wp\/v2\/media\/3331"}],"wp:attachment":[{"href":"https:\/\/www.depoles.com\/hr\/wp-json\/wp\/v2\/media?parent=3330"}],"wp:term":[{"taxonomy":"product_brand","embeddable":true,"href":"https:\/\/www.depoles.com\/hr\/wp-json\/wp\/v2\/product_brand?post=3330"},{"taxonomy":"product_cat","embeddable":true,"href":"https:\/\/www.depoles.com\/hr\/wp-json\/wp\/v2\/product_cat?post=3330"},{"taxonomy":"product_tag","embeddable":true,"href":"https:\/\/www.depoles.com\/hr\/wp-json\/wp\/v2\/product_tag?post=3330"}],"curies":[{"name":"wp","href":"https:\/\/api.w.org\/{rel}","templated":true}]}}