{"id":3334,"date":"2020-04-08T10:03:01","date_gmt":"2020-04-08T08:03:01","guid":{"rendered":"https:\/\/nova.depoles.com\/trgovina\/t-razdelilnik-ino150mm-outo-3x100mm-tv150100100100\/"},"modified":"2026-02-12T13:44:27","modified_gmt":"2026-02-12T12:44:27","slug":"t-razdelilnik-ino150mm-outo-3x100mm-tv150100100100","status":"publish","type":"product","link":"https:\/\/www.depoles.com\/hr\/trgovina\/t-razdelilnik-ino150mm-outo-3x100mm-tv150100100100\/","title":{"rendered":"T-razdjelnik: IN\u00d8150mm, OUT\u00d8 3x100mm TV150100100100"},"content":{"rendered":"<p><strong>Tehni\u010dni podatki<\/strong><\/p>\n<ul>\n<li><strong>Te\u017ea<\/strong>\n<ul>\n<li>Bruto te\u017ea: 1 kg<\/li>\n<li>Netto te\u017ea: 0,90 kg<\/li>\n<\/ul>\n<\/li>\n<li><strong>Embala\u017ea<\/strong>\n<ul>\n<li>Dol\u017eina embala\u017ee: 200 mm<\/li>\n<li>\u0160irina embala\u017ee: 200 mm<\/li>\n<li>Vi\u0161ina embala\u017ee: 200 mm<\/li>\n<\/ul>\n<\/li>\n<li><strong>Splo\u0161ni podatki<\/strong>\n<ul>\n<li>EAN koda: 9120058376214<\/li>\n<\/ul>\n<\/li>\n<\/ul>\n","protected":false},"excerpt":{"rendered":"<p>Tehni\u010dni podatki Te\u017ea Bruto te\u017ea: 1 kg Netto te\u017ea: 0,90 kg Embala\u017ea Dol\u017eina embala\u017ee: 200 mm \u0160irina embala\u017ee: 200 mm Vi\u0161ina embala\u017ee: 200 mm Splo\u0161ni podatki EAN koda: 9120058376214<\/p>\n","protected":false},"featured_media":3335,"template":"","meta":[],"product_brand":[],"product_cat":[1020,1012],"product_tag":[],"class_list":{"0":"post-3334","1":"product","2":"type-product","3":"status-publish","4":"has-post-thumbnail","6":"product_cat-orodja-oprema","7":"product_cat-stroji-za-les","9":"first","10":"instock","11":"shipping-taxable","12":"purchasable","13":"product-type-simple"},"_links":{"self":[{"href":"https:\/\/www.depoles.com\/hr\/wp-json\/wp\/v2\/product\/3334","targetHints":{"allow":["GET"]}}],"collection":[{"href":"https:\/\/www.depoles.com\/hr\/wp-json\/wp\/v2\/product"}],"about":[{"href":"https:\/\/www.depoles.com\/hr\/wp-json\/wp\/v2\/types\/product"}],"wp:featuredmedia":[{"embeddable":true,"href":"https:\/\/www.depoles.com\/hr\/wp-json\/wp\/v2\/media\/3335"}],"wp:attachment":[{"href":"https:\/\/www.depoles.com\/hr\/wp-json\/wp\/v2\/media?parent=3334"}],"wp:term":[{"taxonomy":"product_brand","embeddable":true,"href":"https:\/\/www.depoles.com\/hr\/wp-json\/wp\/v2\/product_brand?post=3334"},{"taxonomy":"product_cat","embeddable":true,"href":"https:\/\/www.depoles.com\/hr\/wp-json\/wp\/v2\/product_cat?post=3334"},{"taxonomy":"product_tag","embeddable":true,"href":"https:\/\/www.depoles.com\/hr\/wp-json\/wp\/v2\/product_tag?post=3334"}],"curies":[{"name":"wp","href":"https:\/\/api.w.org\/{rel}","templated":true}]}}