{"id":3342,"date":"2020-04-08T10:02:54","date_gmt":"2020-04-08T08:02:54","guid":{"rendered":"https:\/\/nova.depoles.com\/trgovina\/y-razdelilnik-z-drsnikom-yvs100\/"},"modified":"2025-12-17T23:43:24","modified_gmt":"2025-12-17T22:43:24","slug":"y-razdelilnik-z-drsnikom-yvs100","status":"publish","type":"product","link":"https:\/\/www.depoles.com\/hr\/trgovina\/y-razdelilnik-z-drsnikom-yvs100\/","title":{"rendered":"Y-razdjelnik s kliza\u010dem YVS100"},"content":{"rendered":"<p><strong>Specifikacije izdelka<\/strong><\/p>\n<ul>\n<li><strong>Te\u017ea<\/strong>\n<ul>\n<li>Bruto te\u017ea: 1,30 kg<\/li>\n<li>Netto te\u017ea: 1,20 kg<\/li>\n<\/ul>\n<\/li>\n<li><strong>Embala\u017ea<\/strong>\n<ul>\n<li>Dol\u017eina embala\u017ee: 260 mm<\/li>\n<li>\u0160irina embala\u017ee: 278 mm<\/li>\n<li>Vi\u0161ina embala\u017ee: 155 mm<\/li>\n<\/ul>\n<\/li>\n<li><strong>Splo\u0161ni podatki<\/strong>\n<ul>\n<li>EAN koda: 9120039908823<\/li>\n<\/ul>\n<\/li>\n<\/ul>\n","protected":false},"excerpt":{"rendered":"<p>Specifikacije izdelka Te\u017ea Bruto te\u017ea: 1,30 kg Netto te\u017ea: 1,20 kg Embala\u017ea Dol\u017eina embala\u017ee: 260 mm \u0160irina embala\u017ee: 278 mm Vi\u0161ina embala\u017ee: 155 mm Splo\u0161ni podatki EAN koda: 9120039908823<\/p>\n","protected":false},"featured_media":3343,"template":"","meta":[],"product_brand":[],"product_cat":[1020,1012],"product_tag":[],"class_list":{"0":"post-3342","1":"product","2":"type-product","3":"status-publish","4":"has-post-thumbnail","6":"product_cat-orodja-oprema","7":"product_cat-stroji-za-les","9":"first","10":"instock","11":"shipping-taxable","12":"purchasable","13":"product-type-simple"},"_links":{"self":[{"href":"https:\/\/www.depoles.com\/hr\/wp-json\/wp\/v2\/product\/3342","targetHints":{"allow":["GET"]}}],"collection":[{"href":"https:\/\/www.depoles.com\/hr\/wp-json\/wp\/v2\/product"}],"about":[{"href":"https:\/\/www.depoles.com\/hr\/wp-json\/wp\/v2\/types\/product"}],"wp:featuredmedia":[{"embeddable":true,"href":"https:\/\/www.depoles.com\/hr\/wp-json\/wp\/v2\/media\/3343"}],"wp:attachment":[{"href":"https:\/\/www.depoles.com\/hr\/wp-json\/wp\/v2\/media?parent=3342"}],"wp:term":[{"taxonomy":"product_brand","embeddable":true,"href":"https:\/\/www.depoles.com\/hr\/wp-json\/wp\/v2\/product_brand?post=3342"},{"taxonomy":"product_cat","embeddable":true,"href":"https:\/\/www.depoles.com\/hr\/wp-json\/wp\/v2\/product_cat?post=3342"},{"taxonomy":"product_tag","embeddable":true,"href":"https:\/\/www.depoles.com\/hr\/wp-json\/wp\/v2\/product_tag?post=3342"}],"curies":[{"name":"wp","href":"https:\/\/api.w.org\/{rel}","templated":true}]}}