{"id":3369,"date":"2020-04-08T10:02:20","date_gmt":"2020-04-08T08:02:20","guid":{"rendered":"https:\/\/nova.depoles.com\/trgovina\/komplet-vpenjalnih-vpenjalnih-vijakov-z-vlecnim-drogom-gbs6tlg\/"},"modified":"2026-02-12T13:48:49","modified_gmt":"2026-02-12T12:48:49","slug":"komplet-vpenjalnih-vpenjalnih-vijakov-z-vlecnim-drogom-gbs6tlg","status":"publish","type":"product","link":"https:\/\/www.depoles.com\/hr\/trgovina\/komplet-vpenjalnih-vpenjalnih-vijakov-z-vlecnim-drogom-gbs6tlg\/","title":{"rendered":"Komplet stezaljki s vijkom za stezanje s vu\u010dnim \u0161tapom GBS6TLG"},"content":{"rendered":"<p><strong>Tehni\u010dni podatki<\/strong><\/p>\n<ul>\n<li><strong>Te\u017ea<\/strong>\n<ul>\n<li>Bruto te\u017ea: 2 kg<\/li>\n<li>Netto te\u017ea: 1,80 kg<\/li>\n<\/ul>\n<\/li>\n<li><strong>Embala\u017ea<\/strong>\n<ul>\n<li>\u0160irina embala\u017ee: 400 mm<\/li>\n<li>Dol\u017eina embala\u017ee: 500 mm<\/li>\n<li>Vi\u0161ina embala\u017ee: 100 mm<\/li>\n<\/ul>\n<\/li>\n<\/ul>\n","protected":false},"excerpt":{"rendered":"<h3>Poudarki<\/h3>\n<ul>\n<li>MK4 pritrditev, navoj M12<\/li>\n<li>Dr\u017ealo MT4, vle\u010dna mre\u017ea M12<\/li>\n<li>Spone M12, M14, M16, M22, M24, M18-M20, M27-M30<\/li>\n<\/ul>\n","protected":false},"featured_media":3370,"template":"","meta":[],"product_brand":[],"product_cat":[1045,1043],"product_tag":[],"class_list":{"0":"post-3369","1":"product","2":"type-product","3":"status-publish","4":"has-post-thumbnail","6":"product_cat-pripomocki-kovine","7":"product_cat-stroji-za-kovine","9":"first","10":"instock","11":"shipping-taxable","12":"purchasable","13":"product-type-simple"},"_links":{"self":[{"href":"https:\/\/www.depoles.com\/hr\/wp-json\/wp\/v2\/product\/3369","targetHints":{"allow":["GET"]}}],"collection":[{"href":"https:\/\/www.depoles.com\/hr\/wp-json\/wp\/v2\/product"}],"about":[{"href":"https:\/\/www.depoles.com\/hr\/wp-json\/wp\/v2\/types\/product"}],"wp:featuredmedia":[{"embeddable":true,"href":"https:\/\/www.depoles.com\/hr\/wp-json\/wp\/v2\/media\/3370"}],"wp:attachment":[{"href":"https:\/\/www.depoles.com\/hr\/wp-json\/wp\/v2\/media?parent=3369"}],"wp:term":[{"taxonomy":"product_brand","embeddable":true,"href":"https:\/\/www.depoles.com\/hr\/wp-json\/wp\/v2\/product_brand?post=3369"},{"taxonomy":"product_cat","embeddable":true,"href":"https:\/\/www.depoles.com\/hr\/wp-json\/wp\/v2\/product_cat?post=3369"},{"taxonomy":"product_tag","embeddable":true,"href":"https:\/\/www.depoles.com\/hr\/wp-json\/wp\/v2\/product_tag?post=3369"}],"curies":[{"name":"wp","href":"https:\/\/api.w.org\/{rel}","templated":true}]}}