{"id":3393,"date":"2020-04-08T10:01:55","date_gmt":"2020-04-08T08:01:55","guid":{"rendered":"https:\/\/nova.depoles.com\/trgovina\/hitro-orodje-za-menjavo-20-mm-swh20\/"},"modified":"2026-02-12T13:53:30","modified_gmt":"2026-02-12T12:53:30","slug":"hitro-orodje-za-menjavo-20-mm-swh20","status":"publish","type":"product","link":"https:\/\/www.depoles.com\/hr\/trgovina\/hitro-orodje-za-menjavo-20-mm-swh20\/","title":{"rendered":"Dr\u017ea\u010d alata za tokarilice brza izmjena 20 mm SWH20"},"content":{"rendered":"<p><strong>Tehni\u010dni podatki<\/strong><\/p>\n<ul>\n<li><strong>Te\u017ea<\/strong>\n<ul>\n<li>Bruto te\u017ea: 2,50 kg<\/li>\n<li>Neto te\u017ea: 2,30 kg<\/li>\n<\/ul>\n<\/li>\n<li><strong>Pakiranje<\/strong>\n<ul>\n<li>Dol\u017eina pakiranja: 100 mm<\/li>\n<li>\u0160irina pakiranja: 100 mm<\/li>\n<li>Vi\u0161ina pakiranja: 100 mm<\/li>\n<\/ul>\n<\/li>\n<li><strong>Splo\u0161ni podatki<\/strong>\n<ul>\n<li>EAN koda: 9120039906065<\/li>\n<\/ul>\n<\/li>\n<\/ul>\n","protected":false},"excerpt":{"rendered":"<h3>Poudarki izdelka<\/h3>\n<ul>\n<li>Maksimalna vi\u0161ina stru\u017eenja orodja: 20 mm<\/li>\n<li>Vi\u0161ina sponk: 70 mm<\/li>\n<li>Hitro orodje za menjavo za WZH 20 in ASH16S<\/li>\n<li>V dostavo sta vklju\u010deni 2x WZH 20<\/li>\n<\/ul>\n","protected":false},"featured_media":3394,"template":"","meta":[],"product_brand":[],"product_cat":[1045,1043],"product_tag":[],"class_list":{"0":"post-3393","1":"product","2":"type-product","3":"status-publish","4":"has-post-thumbnail","6":"product_cat-pripomocki-kovine","7":"product_cat-stroji-za-kovine","9":"first","10":"instock","11":"shipping-taxable","12":"purchasable","13":"product-type-simple"},"_links":{"self":[{"href":"https:\/\/www.depoles.com\/hr\/wp-json\/wp\/v2\/product\/3393","targetHints":{"allow":["GET"]}}],"collection":[{"href":"https:\/\/www.depoles.com\/hr\/wp-json\/wp\/v2\/product"}],"about":[{"href":"https:\/\/www.depoles.com\/hr\/wp-json\/wp\/v2\/types\/product"}],"wp:featuredmedia":[{"embeddable":true,"href":"https:\/\/www.depoles.com\/hr\/wp-json\/wp\/v2\/media\/3394"}],"wp:attachment":[{"href":"https:\/\/www.depoles.com\/hr\/wp-json\/wp\/v2\/media?parent=3393"}],"wp:term":[{"taxonomy":"product_brand","embeddable":true,"href":"https:\/\/www.depoles.com\/hr\/wp-json\/wp\/v2\/product_brand?post=3393"},{"taxonomy":"product_cat","embeddable":true,"href":"https:\/\/www.depoles.com\/hr\/wp-json\/wp\/v2\/product_cat?post=3393"},{"taxonomy":"product_tag","embeddable":true,"href":"https:\/\/www.depoles.com\/hr\/wp-json\/wp\/v2\/product_tag?post=3393"}],"curies":[{"name":"wp","href":"https:\/\/api.w.org\/{rel}","templated":true}]}}