{"id":3407,"date":"2020-04-08T10:01:41","date_gmt":"2020-04-08T08:01:41","guid":{"rendered":"https:\/\/nova.depoles.com\/trgovina\/drzalo-za-orodje-wzhb_prisma\/"},"modified":"2025-12-17T15:26:23","modified_gmt":"2025-12-17T14:26:23","slug":"drzalo-za-orodje-wzhb_prisma","status":"publish","type":"product","link":"https:\/\/www.depoles.com\/hr\/trgovina\/drzalo-za-orodje-wzhb_prisma\/","title":{"rendered":"Dr\u017ea\u010d za alat za tokarilice WZHB_PRISMA"},"content":{"rendered":"<p><strong>Tehni\u010dni podatki:<\/strong><\/p>\n<ul>\n<li><strong>Te\u017ea:<\/strong>\n<ul>\n<li>Bruto te\u017ea: 48 kg<\/li>\n<li>Netto te\u017ea: 46 kg<\/li>\n<\/ul>\n<\/li>\n<li><strong>Embala\u017ea:<\/strong>\n<ul>\n<li>Dol\u017eina embala\u017ee: 480 mm<\/li>\n<li>\u0160irina embala\u017ee: 360 mm<\/li>\n<li>Vi\u0161ina embala\u017ee: 320 mm<\/li>\n<\/ul>\n<\/li>\n<\/ul>\n","protected":false},"excerpt":{"rendered":"<p>Tehni\u010dni podatki: Te\u017ea: Bruto te\u017ea: 48 kg Netto te\u017ea: 46 kg Embala\u017ea: Dol\u017eina embala\u017ee: 480 mm \u0160irina embala\u017ee: 360 mm Vi\u0161ina embala\u017ee: 320 mm<\/p>\n","protected":false},"featured_media":3408,"template":"","meta":[],"product_brand":[],"product_cat":[1045,1043],"product_tag":[],"class_list":{"0":"post-3407","1":"product","2":"type-product","3":"status-publish","4":"has-post-thumbnail","6":"product_cat-pripomocki-kovine","7":"product_cat-stroji-za-kovine","9":"first","10":"instock","11":"shipping-taxable","12":"purchasable","13":"product-type-simple"},"_links":{"self":[{"href":"https:\/\/www.depoles.com\/hr\/wp-json\/wp\/v2\/product\/3407","targetHints":{"allow":["GET"]}}],"collection":[{"href":"https:\/\/www.depoles.com\/hr\/wp-json\/wp\/v2\/product"}],"about":[{"href":"https:\/\/www.depoles.com\/hr\/wp-json\/wp\/v2\/types\/product"}],"wp:featuredmedia":[{"embeddable":true,"href":"https:\/\/www.depoles.com\/hr\/wp-json\/wp\/v2\/media\/3408"}],"wp:attachment":[{"href":"https:\/\/www.depoles.com\/hr\/wp-json\/wp\/v2\/media?parent=3407"}],"wp:term":[{"taxonomy":"product_brand","embeddable":true,"href":"https:\/\/www.depoles.com\/hr\/wp-json\/wp\/v2\/product_brand?post=3407"},{"taxonomy":"product_cat","embeddable":true,"href":"https:\/\/www.depoles.com\/hr\/wp-json\/wp\/v2\/product_cat?post=3407"},{"taxonomy":"product_tag","embeddable":true,"href":"https:\/\/www.depoles.com\/hr\/wp-json\/wp\/v2\/product_tag?post=3407"}],"curies":[{"name":"wp","href":"https:\/\/api.w.org\/{rel}","templated":true}]}}