{"id":3430,"date":"2020-04-08T10:01:08","date_gmt":"2020-04-08T08:01:08","guid":{"rendered":"https:\/\/nova.depoles.com\/trgovina\/vpenjalnik-brez-kljuca-1-16-mm-drzalo-b16-ssbf1616\/"},"modified":"2026-02-12T13:55:49","modified_gmt":"2026-02-12T12:55:49","slug":"vpenjalnik-brez-kljuca-1-16-mm-drzalo-b16-ssbf1616","status":"publish","type":"product","link":"https:\/\/www.depoles.com\/hr\/trgovina\/vpenjalnik-brez-kljuca-1-16-mm-drzalo-b16-ssbf1616\/","title":{"rendered":"Stezna glava bez klju\u010da 1-16 mm, dr\u017ea\u010d B16 SSBF1616"},"content":{"rendered":"<p><strong>Tehni\u010dni podatki<\/strong><\/p>\n<ul>\n<li><strong>Te\u017ea<\/strong>\n<ul>\n<li>Bruto te\u017ea: 1,32 kg<\/li>\n<li>Neto te\u017ea: 1 kg<\/li>\n<\/ul>\n<\/li>\n<li><strong>Embala\u017ea<\/strong>\n<ul>\n<li>Dol\u017eina embala\u017ee: 290 mm<\/li>\n<li>\u0160irina embala\u017ee: 290 mm<\/li>\n<li>Vi\u0161ina embala\u017ee: 125 mm<\/li>\n<\/ul>\n<\/li>\n<li><strong>Splo\u0161ni podatki<\/strong>\n<ul>\n<li>EAN koda: 9120058371219<\/li>\n<\/ul>\n<\/li>\n<\/ul>\n","protected":false},"excerpt":{"rendered":"<p>Tehni\u010dni podatki Te\u017ea Bruto te\u017ea: 1,32 kg Neto te\u017ea: 1 kg Embala\u017ea Dol\u017eina embala\u017ee: 290 mm \u0160irina embala\u017ee: 290 mm Vi\u0161ina embala\u017ee: 125 mm Splo\u0161ni podatki EAN koda: 9120058371219<\/p>\n","protected":false},"featured_media":3431,"template":"","meta":[],"product_brand":[],"product_cat":[1045,1043],"product_tag":[],"class_list":{"0":"post-3430","1":"product","2":"type-product","3":"status-publish","4":"has-post-thumbnail","6":"product_cat-pripomocki-kovine","7":"product_cat-stroji-za-kovine","9":"first","10":"instock","11":"shipping-taxable","12":"purchasable","13":"product-type-simple"},"_links":{"self":[{"href":"https:\/\/www.depoles.com\/hr\/wp-json\/wp\/v2\/product\/3430","targetHints":{"allow":["GET"]}}],"collection":[{"href":"https:\/\/www.depoles.com\/hr\/wp-json\/wp\/v2\/product"}],"about":[{"href":"https:\/\/www.depoles.com\/hr\/wp-json\/wp\/v2\/types\/product"}],"wp:featuredmedia":[{"embeddable":true,"href":"https:\/\/www.depoles.com\/hr\/wp-json\/wp\/v2\/media\/3431"}],"wp:attachment":[{"href":"https:\/\/www.depoles.com\/hr\/wp-json\/wp\/v2\/media?parent=3430"}],"wp:term":[{"taxonomy":"product_brand","embeddable":true,"href":"https:\/\/www.depoles.com\/hr\/wp-json\/wp\/v2\/product_brand?post=3430"},{"taxonomy":"product_cat","embeddable":true,"href":"https:\/\/www.depoles.com\/hr\/wp-json\/wp\/v2\/product_cat?post=3430"},{"taxonomy":"product_tag","embeddable":true,"href":"https:\/\/www.depoles.com\/hr\/wp-json\/wp\/v2\/product_tag?post=3430"}],"curies":[{"name":"wp","href":"https:\/\/api.w.org\/{rel}","templated":true}]}}